{"id":563,"date":"2022-03-30T03:44:44","date_gmt":"2022-03-30T03:44:44","guid":{"rendered":"https:\/\/cityrecords.mx\/index.php\/studio\/"},"modified":"2023-05-13T22:13:22","modified_gmt":"2023-05-13T22:13:22","slug":"studio","status":"publish","type":"page","link":"https:\/\/cityrecords.mx\/index.php\/studio\/","title":{"rendered":"Studio"},"content":{"rendered":"\n<div class=\"wp-block-uagb-container uagb-block-70dbe30b alignfull uagb-is-root-container\"><div class=\"uagb-container-inner-blocks-wrap\">\n<div class=\"wp-block-uagb-container uagb-block-54d883bf\">\n<h1 class=\"wp-block-heading\"><strong>Disquera<\/strong><\/h1>\n\n\n\n<p>Apoyamos a nuestros <strong>artistas<\/strong> en la producci\u00f3n, comercializaci\u00f3n y distribuci\u00f3n de sus proyectos, brindando todas las <strong>herramientas<\/strong> necesarias para tener una <strong>carrera<\/strong> pr\u00f3spera en la industria del <strong>entretenimiento<\/strong>.<\/p>\n\n\n\n<div class=\"wp-block-uagb-icon-list uagb-block-ba4070ee\"><div class=\"uagb-icon-list__wrap\">\n<div class=\"wp-block-uagb-icon-list-child uagb-block-3a7db988\"><a target=\"_self\" aria-label=\"Management &amp; Booking\" rel=\"noopener noreferrer\" href=\"#\"> <\/a><span class=\"uagb-icon-list__source-wrap\"><svg xmlns=\"https:\/\/www.w3.org\/2000\/svg\" viewBox=\"0 0 256 512\"><path d=\"M64 448c-8.188 0-16.38-3.125-22.62-9.375c-12.5-12.5-12.5-32.75 0-45.25L178.8 256L41.38 118.6c-12.5-12.5-12.5-32.75 0-45.25s32.75-12.5 45.25 0l160 160c12.5 12.5 12.5 32.75 0 45.25l-160 160C80.38 444.9 72.19 448 64 448z\"><\/path><\/svg><\/span><span class=\"uagb-icon-list__label\"><strong>Management &amp; Booking<\/strong><\/span><\/div>\n\n\n\n<div class=\"wp-block-uagb-icon-list-child uagb-block-085a2e21\"><a target=\"_self\" aria-label=\"Producci\u00f3n Audiovisual\" rel=\"noopener noreferrer\" href=\"#\"> <\/a><span class=\"uagb-icon-list__source-wrap\"><svg xmlns=\"https:\/\/www.w3.org\/2000\/svg\" viewBox=\"0 0 256 512\"><path d=\"M64 448c-8.188 0-16.38-3.125-22.62-9.375c-12.5-12.5-12.5-32.75 0-45.25L178.8 256L41.38 118.6c-12.5-12.5-12.5-32.75 0-45.25s32.75-12.5 45.25 0l160 160c12.5 12.5 12.5 32.75 0 45.25l-160 160C80.38 444.9 72.19 448 64 448z\"><\/path><\/svg><\/span><span class=\"uagb-icon-list__label\"><strong>Producci\u00f3n Audiovisual<\/strong><\/span><\/div>\n\n\n\n<div class=\"wp-block-uagb-icon-list-child uagb-block-e1bc3210\"><a target=\"_self\" aria-label=\"Marketing\" rel=\"noopener noreferrer\" href=\"#\"> <\/a><span class=\"uagb-icon-list__source-wrap\"><svg xmlns=\"https:\/\/www.w3.org\/2000\/svg\" viewBox=\"0 0 256 512\"><path d=\"M64 448c-8.188 0-16.38-3.125-22.62-9.375c-12.5-12.5-12.5-32.75 0-45.25L178.8 256L41.38 118.6c-12.5-12.5-12.5-32.75 0-45.25s32.75-12.5 45.25 0l160 160c12.5 12.5 12.5 32.75 0 45.25l-160 160C80.38 444.9 72.19 448 64 448z\"><\/path><\/svg><\/span><span class=\"uagb-icon-list__label\"><strong>Marketing<\/strong><\/span><\/div>\n\n\n\n<div class=\"wp-block-uagb-icon-list-child uagb-block-658268cc\"><span class=\"uagb-icon-list__source-wrap\"><svg xmlns=\"https:\/\/www.w3.org\/2000\/svg\" viewBox=\"0 0 256 512\"><path d=\"M64 448c-8.188 0-16.38-3.125-22.62-9.375c-12.5-12.5-12.5-32.75 0-45.25L178.8 256L41.38 118.6c-12.5-12.5-12.5-32.75 0-45.25s32.75-12.5 45.25 0l160 160c12.5 12.5 12.5 32.75 0 45.25l-160 160C80.38 444.9 72.19 448 64 448z\"><\/path><\/svg><\/span><span class=\"uagb-icon-list__label\"><strong>Editora<\/strong><\/span><\/div>\n<\/div><\/div>\n<\/div>\n<\/div><\/div>\n\n\n\n<div class=\"wp-block-uagb-container uagb-block-c2e55e4a alignfull uagb-is-root-container\"><div class=\"uagb-container-inner-blocks-wrap\">\n<div class=\"wp-block-uagb-container uagb-block-70209530\">\n<div class=\"wp-block-uagb-container uagb-block-67452279\">\n<div class=\"wp-block-uagb-container uagb-block-0dad6e65\">\n<figure class=\"wp-block-image size-full has-custom-border is-style-default\"><img decoding=\"async\" width=\"480\" height=\"480\" src=\"https:\/\/cityrecords.mx\/wp-content\/uploads\/2023\/05\/ESTUDIO-04.png\" alt=\"\" class=\"wp-image-3059\" style=\"border-style:none;border-width:0px;border-radius:20px\" srcset=\"https:\/\/cityrecords.mx\/wp-content\/uploads\/2023\/05\/ESTUDIO-04.png 480w, https:\/\/cityrecords.mx\/wp-content\/uploads\/2023\/05\/ESTUDIO-04-300x300.png 300w, https:\/\/cityrecords.mx\/wp-content\/uploads\/2023\/05\/ESTUDIO-04-150x150.png 150w\" sizes=\"(max-width: 480px) 100vw, 480px\" \/><\/figure>\n\n\n\n<div class=\"wp-block-uagb-advanced-heading uagb-block-c0169d32\"><h4 class=\"uagb-heading-text\">Management<br>&amp; Booking<\/h4><p class=\"uagb-desc-text\">Trabajamos de la mano con distintos <strong>artistas<\/strong> ayud\u00e1ndolos a desarrollar su <strong>carrera<\/strong> <strong>musical<\/strong> mediante un constante acompa\u00f1amiento estrat\u00e9gico, creando planes de <strong>promoci\u00f3n<\/strong> que permitan al <strong>artista<\/strong> expresar su estilo \u00fanico en los distintos mercados.<\/p><\/div>\n<\/div>\n\n\n\n<div class=\"wp-block-uagb-container uagb-block-082039a4\">\n<figure class=\"wp-block-image size-full has-custom-border\"><img decoding=\"async\" width=\"480\" height=\"480\" src=\"https:\/\/cityrecords.mx\/wp-content\/uploads\/2023\/05\/ESTUDIO-03.png\" alt=\"\" class=\"wp-image-3061\" style=\"border-radius:20px\" srcset=\"https:\/\/cityrecords.mx\/wp-content\/uploads\/2023\/05\/ESTUDIO-03.png 480w, https:\/\/cityrecords.mx\/wp-content\/uploads\/2023\/05\/ESTUDIO-03-300x300.png 300w, https:\/\/cityrecords.mx\/wp-content\/uploads\/2023\/05\/ESTUDIO-03-150x150.png 150w\" sizes=\"(max-width: 480px) 100vw, 480px\" \/><\/figure>\n\n\n\n<div class=\"wp-block-uagb-advanced-heading uagb-block-c7f74e2b\"><h4 class=\"uagb-heading-text\">Producci\u00f3n<br>Audiovisual<\/h4><p class=\"uagb-desc-text\">Creamos piezas <strong>audiovisuales<\/strong> que marcan la diferencia en <strong>calidad<\/strong> t\u00e9cnica y de contenido, con el principal objetivo de mostrar mediante el <strong>arte<\/strong> <strong>visual<\/strong> lo que el <strong>artista<\/strong> busca transmitir con su <strong>m\u00fasica<\/strong>.<\/p><\/div>\n<\/div>\n\n\n\n<div class=\"wp-block-uagb-container uagb-block-b4e32372\">\n<figure class=\"wp-block-image size-full has-custom-border\"><img decoding=\"async\" width=\"480\" height=\"480\" src=\"http:\/\/cityrecords.mx\/wp-content\/uploads\/2023\/05\/ESTUDIO-01.png\" alt=\"\" class=\"wp-image-3062\" style=\"border-radius:20px\" srcset=\"https:\/\/cityrecords.mx\/wp-content\/uploads\/2023\/05\/ESTUDIO-01.png 480w, https:\/\/cityrecords.mx\/wp-content\/uploads\/2023\/05\/ESTUDIO-01-300x300.png 300w, https:\/\/cityrecords.mx\/wp-content\/uploads\/2023\/05\/ESTUDIO-01-150x150.png 150w\" sizes=\"(max-width: 480px) 100vw, 480px\" \/><\/figure>\n\n\n\n<div class=\"wp-block-uagb-advanced-heading uagb-block-1c83e82c\"><h4 class=\"uagb-heading-text\">Marketing<\/h4><p class=\"uagb-desc-text\">Nos enfocamos en <strong>posicionar<\/strong> a nuestros <strong>artistas<\/strong> en las distintas plataformas <strong>musicales<\/strong> y sociales mediante un extensivo estudio de los mercados y su comportamiento analizando los <strong>diferentes<\/strong> <strong>estilos<\/strong> musicales con el principal objetivo de <strong>maximizar<\/strong> el reconocimiento del artista. <\/p><\/div>\n<\/div>\n\n\n\n<div class=\"wp-block-uagb-container uagb-block-86381e65\">\n<figure class=\"wp-block-image size-full has-custom-border\"><img decoding=\"async\" width=\"480\" height=\"480\" src=\"http:\/\/cityrecords.mx\/wp-content\/uploads\/2023\/05\/ESTUDIO-02.png\" alt=\"\" class=\"wp-image-3063\" style=\"border-radius:20px\" srcset=\"https:\/\/cityrecords.mx\/wp-content\/uploads\/2023\/05\/ESTUDIO-02.png 480w, https:\/\/cityrecords.mx\/wp-content\/uploads\/2023\/05\/ESTUDIO-02-300x300.png 300w, https:\/\/cityrecords.mx\/wp-content\/uploads\/2023\/05\/ESTUDIO-02-150x150.png 150w\" sizes=\"(max-width: 480px) 100vw, 480px\" \/><\/figure>\n\n\n\n<div class=\"wp-block-uagb-advanced-heading uagb-block-2071954d\"><h4 class=\"uagb-heading-text\">Editora<\/h4><p class=\"uagb-desc-text\">Tenemos la facultad de <strong>promover<\/strong> los temas in\u00e9ditos de los <strong>compositores<\/strong> que pertenecen a esta <strong>compa\u00f1\u00eda<\/strong>, as\u00ed como el registro en exclusivo de los <strong>temas<\/strong> que sean grabados por <strong>nuestros<\/strong> <strong>artistas<\/strong> y puedan obtener regal\u00edas y lo correspondiente a los <strong>derechos<\/strong> de ejecuci\u00f3n p\u00fablica.<\/p><\/div>\n<\/div>\n<\/div>\n<\/div>\n<\/div><\/div>\n\n\n\n<div class=\"wp-block-uagb-container uagb-block-1604d8b6 alignfull uagb-is-root-container\"><div class=\"uagb-container-inner-blocks-wrap\">\n<div class=\"wp-block-uagb-container uagb-block-be2f8588\">\n<div class=\"wp-block-uagb-advanced-heading uagb-block-0a426a76\"><h1 class=\"uagb-heading-text\"><strong>Estudio de<br>Grabaci\u00f3n<\/strong><\/h1><p class=\"uagb-desc-text\">De la mano de nuestros <strong>productores<\/strong>, apoyamos la carrera <strong>art\u00edstica<\/strong> de nuestros clientes <strong>ayud\u00e1ndolos<\/strong> a explorar y explotar sus habilidades en los distintos <strong>g\u00e9neros<\/strong> <strong>musicales<\/strong>, generando material \u00fanico y de calidad que trascienda y aporte a la <strong>carrera<\/strong> de nuestros <strong>artistas<\/strong> y clientes.<\/p><\/div>\n\n\n\n<div class=\"wp-block-uagb-icon-list uagb-block-b1e3be28\"><div class=\"uagb-icon-list__wrap\">\n<div class=\"wp-block-uagb-icon-list-child uagb-block-9c06563c\"><a target=\"_self\" aria-label=\"Estudio de grabaci\u00f3n en sistema ProTools\" rel=\"noopener noreferrer\" href=\"#\"> <\/a><span class=\"uagb-icon-list__source-wrap\"><svg xmlns=\"https:\/\/www.w3.org\/2000\/svg\" viewBox=\"0 0 256 512\"><path d=\"M64 448c-8.188 0-16.38-3.125-22.62-9.375c-12.5-12.5-12.5-32.75 0-45.25L178.8 256L41.38 118.6c-12.5-12.5-12.5-32.75 0-45.25s32.75-12.5 45.25 0l160 160c12.5 12.5 12.5 32.75 0 45.25l-160 160C80.38 444.9 72.19 448 64 448z\"><\/path><\/svg><\/span><span class=\"uagb-icon-list__label\"><strong>Estudio de grabaci\u00f3n en sistema ProTools<\/strong><\/span><\/div>\n\n\n\n<div class=\"wp-block-uagb-icon-list-child uagb-block-45453f7f\"><a target=\"_self\" aria-label=\"Producciones musicales con productoresy m\u00fasicos experimentados\" rel=\"noopener noreferrer\" href=\"#\"> <\/a><span class=\"uagb-icon-list__source-wrap\"><svg xmlns=\"https:\/\/www.w3.org\/2000\/svg\" viewBox=\"0 0 256 512\"><path d=\"M64 448c-8.188 0-16.38-3.125-22.62-9.375c-12.5-12.5-12.5-32.75 0-45.25L178.8 256L41.38 118.6c-12.5-12.5-12.5-32.75 0-45.25s32.75-12.5 45.25 0l160 160c12.5 12.5 12.5 32.75 0 45.25l-160 160C80.38 444.9 72.19 448 64 448z\"><\/path><\/svg><\/span><span class=\"uagb-icon-list__label\"><strong>Producciones musicales con productores<\/strong><br><strong>y m\u00fasicos experimentados<\/strong><\/span><\/div>\n\n\n\n<div class=\"wp-block-uagb-icon-list-child uagb-block-66b47e5a\"><a target=\"_self\" aria-label=\"Asesor\u00eda profesional en proyectos musicales\" rel=\"noopener noreferrer\" href=\"#\"> <\/a><span class=\"uagb-icon-list__source-wrap\"><svg xmlns=\"https:\/\/www.w3.org\/2000\/svg\" viewBox=\"0 0 256 512\"><path d=\"M64 448c-8.188 0-16.38-3.125-22.62-9.375c-12.5-12.5-12.5-32.75 0-45.25L178.8 256L41.38 118.6c-12.5-12.5-12.5-32.75 0-45.25s32.75-12.5 45.25 0l160 160c12.5 12.5 12.5 32.75 0 45.25l-160 160C80.38 444.9 72.19 448 64 448z\"><\/path><\/svg><\/span><span class=\"uagb-icon-list__label\"><strong>Asesor\u00eda profesional en proyectos musicales<\/strong><\/span><\/div>\n<\/div><\/div>\n<\/div>\n<\/div><\/div>\n\n\n\n<div class=\"wp-block-uagb-container uagb-block-f6a2501d alignfull uagb-is-root-container\"><div class=\"uagb-container-inner-blocks-wrap\">\t\t\t\t\t<div\n\t\t\t\t\t\tclass=\"wp-block-uagb-image-gallery uagb-block-86e39fb0     \"\n\t\t\t\t\t\tstyle=\"\"\n\t\t\t\t\t>\n\t\t\t\t\t\t\t\t\t\t\t<div class=\"spectra-image-gallery spectra-image-gallery__layout--tiled spectra-image-gallery__layout--tiled-col-4 spectra-image-gallery__layout--tiled-col-tab-4 spectra-image-gallery__layout--tiled-col-mob-4\">\n\t\t\t\t\t\t\t\t\t\t\t<div class='spectra-image-gallery__media-wrapper' data-spectra-gallery-image-id='3092' tabindex=\"0\">\n\t\t\t\t\t\t\t<div class=\"spectra-image-gallery__media spectra-image-gallery__media--tiled\">\n\t\t\t\t<picture>\n\t\t\t\t\t<source media=\"(min-width: 1024px)\" srcset=\"http:\/\/cityrecords.mx\/wp-content\/uploads\/2023\/05\/ESTUDIO02-FOTO02-50-1024x683.png\">\n\t\t\t\t\t<source media=\"(min-width: 768px)\" srcset=\"http:\/\/cityrecords.mx\/wp-content\/uploads\/2023\/05\/ESTUDIO02-FOTO02-50-1024x683.png\">\n\t\t\t\t\t<img decoding=\"async\" class=\"spectra-image-gallery__media-thumbnail spectra-image-gallery__media-thumbnail--tiled\" src=\"http:\/\/cityrecords.mx\/wp-content\/uploads\/2023\/05\/ESTUDIO02-FOTO02-50-300x200.png\" alt=\"\" loading=\"lazy\" \/>\n\t\t\t\t<\/picture>\n\t\t\t\t<div class=\"spectra-image-gallery__media-thumbnail-blurrer\"><\/div>\n\t\t\t\t\t\t\t\t\t\t\t<div class=\"spectra-image-gallery__media-thumbnail-caption-wrapper spectra-image-gallery__media-thumbnail-caption-wrapper--overlay\"><\/div>\n\t\t\t\t\t\t\t\t<\/div>\n\t\t\t\t\t\t<\/div>\n\t\t\t\t\t\t<div class='spectra-image-gallery__media-wrapper' data-spectra-gallery-image-id='3091' tabindex=\"0\">\n\t\t\t\t\t\t\t<div class=\"spectra-image-gallery__media spectra-image-gallery__media--tiled\">\n\t\t\t\t<picture>\n\t\t\t\t\t<source media=\"(min-width: 1024px)\" srcset=\"http:\/\/cityrecords.mx\/wp-content\/uploads\/2023\/05\/ESTUDIO02-FOTO02-49.png\">\n\t\t\t\t\t<source media=\"(min-width: 768px)\" srcset=\"http:\/\/cityrecords.mx\/wp-content\/uploads\/2023\/05\/ESTUDIO02-FOTO02-49.png\">\n\t\t\t\t\t<img decoding=\"async\" class=\"spectra-image-gallery__media-thumbnail spectra-image-gallery__media-thumbnail--tiled\" src=\"http:\/\/cityrecords.mx\/wp-content\/uploads\/2023\/05\/ESTUDIO02-FOTO02-49-200x300.png\" alt=\"\" loading=\"lazy\" \/>\n\t\t\t\t<\/picture>\n\t\t\t\t<div class=\"spectra-image-gallery__media-thumbnail-blurrer\"><\/div>\n\t\t\t\t\t\t\t\t\t\t\t<div class=\"spectra-image-gallery__media-thumbnail-caption-wrapper spectra-image-gallery__media-thumbnail-caption-wrapper--overlay\"><\/div>\n\t\t\t\t\t\t\t\t<\/div>\n\t\t\t\t\t\t<\/div>\n\t\t\t\t\t\t<div class='spectra-image-gallery__media-wrapper' data-spectra-gallery-image-id='3090' tabindex=\"0\">\n\t\t\t\t\t\t\t<div class=\"spectra-image-gallery__media spectra-image-gallery__media--tiled\">\n\t\t\t\t<picture>\n\t\t\t\t\t<source media=\"(min-width: 1024px)\" srcset=\"http:\/\/cityrecords.mx\/wp-content\/uploads\/2023\/05\/ESTUDIO02-FOTO02-48-1024x683.png\">\n\t\t\t\t\t<source media=\"(min-width: 768px)\" srcset=\"http:\/\/cityrecords.mx\/wp-content\/uploads\/2023\/05\/ESTUDIO02-FOTO02-48-1024x683.png\">\n\t\t\t\t\t<img decoding=\"async\" class=\"spectra-image-gallery__media-thumbnail spectra-image-gallery__media-thumbnail--tiled\" src=\"http:\/\/cityrecords.mx\/wp-content\/uploads\/2023\/05\/ESTUDIO02-FOTO02-48-300x200.png\" alt=\"\" loading=\"lazy\" \/>\n\t\t\t\t<\/picture>\n\t\t\t\t<div class=\"spectra-image-gallery__media-thumbnail-blurrer\"><\/div>\n\t\t\t\t\t\t\t\t\t\t\t<div class=\"spectra-image-gallery__media-thumbnail-caption-wrapper spectra-image-gallery__media-thumbnail-caption-wrapper--overlay\"><\/div>\n\t\t\t\t\t\t\t\t<\/div>\n\t\t\t\t\t\t<\/div>\n\t\t\t\t\t\t<div class='spectra-image-gallery__media-wrapper' data-spectra-gallery-image-id='3088' tabindex=\"0\">\n\t\t\t\t\t\t\t<div class=\"spectra-image-gallery__media spectra-image-gallery__media--tiled\">\n\t\t\t\t<picture>\n\t\t\t\t\t<source media=\"(min-width: 1024px)\" srcset=\"http:\/\/cityrecords.mx\/wp-content\/uploads\/2023\/05\/ESTUDIO02-FOTO02-46.png\">\n\t\t\t\t\t<source media=\"(min-width: 768px)\" srcset=\"http:\/\/cityrecords.mx\/wp-content\/uploads\/2023\/05\/ESTUDIO02-FOTO02-46.png\">\n\t\t\t\t\t<img decoding=\"async\" class=\"spectra-image-gallery__media-thumbnail spectra-image-gallery__media-thumbnail--tiled\" src=\"http:\/\/cityrecords.mx\/wp-content\/uploads\/2023\/05\/ESTUDIO02-FOTO02-46-200x300.png\" alt=\"\" loading=\"lazy\" \/>\n\t\t\t\t<\/picture>\n\t\t\t\t<div class=\"spectra-image-gallery__media-thumbnail-blurrer\"><\/div>\n\t\t\t\t\t\t\t\t\t\t\t<div class=\"spectra-image-gallery__media-thumbnail-caption-wrapper spectra-image-gallery__media-thumbnail-caption-wrapper--overlay\"><\/div>\n\t\t\t\t\t\t\t\t<\/div>\n\t\t\t\t\t\t<\/div>\n\t\t\t\t\t\t\t\t\t\t\t<div class=\"spectra-image-gallery__media-sizer\"><\/div>\n\t\t\t\t\t\t\t<\/div>\n\t\t\t\t\t\t\t\t\t\t\t<\/div>\n\t\t\t\t\t\t\t\t\t\t\t<div class='spectra-image-gallery__control-lightbox' tabindex='0'>\n\t\t\t\t\t\t\t\t\t\t\t<div class=\"swiper spectra-image-gallery__control-lightbox--main\" dir=\"\">\n\t\t\t\t\t<div class=\"swiper-wrapper\">\n\t\t\t\t\t\t\t\t\t\t\t\t\t\n\t\t\t\t\t\t\t<div class=\"swiper-slide\">\n\t\t\t\t\t\t\t\t<img class=\"swiper-lazy\" data-src=\"http:\/\/cityrecords.mx\/wp-content\/uploads\/2023\/05\/ESTUDIO02-FOTO02-50.png\" alt=\"\"\/>\n\t\t\t\t\t\t\t\t<div class=\"swiper-lazy-preloader swiper-lazy-preloader-white\"><\/div>\n\t\t\t\t\t\t\t\t\t\t\t\t\t\t\t\t\t<div class=\"spectra-image-gallery__control-lightbox--caption\" data-spectra-gallery-image-id='3092'>\n\t\t\t\t\t\t\t\t\t\tSin leyenda\t\t\t\t\t\t\t\t\t<\/div>\n\t\t\t\t\t\t\t\t\t\t\t\t\t\t\t<\/div>\n\t\t\t\t\t\t\t\t\t\t\t\t\t\n\t\t\t\t\t\t\t<div class=\"swiper-slide\">\n\t\t\t\t\t\t\t\t<img class=\"swiper-lazy\" data-src=\"http:\/\/cityrecords.mx\/wp-content\/uploads\/2023\/05\/ESTUDIO02-FOTO02-49.png\" alt=\"\"\/>\n\t\t\t\t\t\t\t\t<div class=\"swiper-lazy-preloader swiper-lazy-preloader-white\"><\/div>\n\t\t\t\t\t\t\t\t\t\t\t\t\t\t\t\t\t<div class=\"spectra-image-gallery__control-lightbox--caption\" data-spectra-gallery-image-id='3091'>\n\t\t\t\t\t\t\t\t\t\tSin leyenda\t\t\t\t\t\t\t\t\t<\/div>\n\t\t\t\t\t\t\t\t\t\t\t\t\t\t\t<\/div>\n\t\t\t\t\t\t\t\t\t\t\t\t\t\n\t\t\t\t\t\t\t<div class=\"swiper-slide\">\n\t\t\t\t\t\t\t\t<img class=\"swiper-lazy\" data-src=\"http:\/\/cityrecords.mx\/wp-content\/uploads\/2023\/05\/ESTUDIO02-FOTO02-48.png\" alt=\"\"\/>\n\t\t\t\t\t\t\t\t<div class=\"swiper-lazy-preloader swiper-lazy-preloader-white\"><\/div>\n\t\t\t\t\t\t\t\t\t\t\t\t\t\t\t\t\t<div class=\"spectra-image-gallery__control-lightbox--caption\" data-spectra-gallery-image-id='3090'>\n\t\t\t\t\t\t\t\t\t\tSin leyenda\t\t\t\t\t\t\t\t\t<\/div>\n\t\t\t\t\t\t\t\t\t\t\t\t\t\t\t<\/div>\n\t\t\t\t\t\t\t\t\t\t\t\t\t\n\t\t\t\t\t\t\t<div class=\"swiper-slide\">\n\t\t\t\t\t\t\t\t<img class=\"swiper-lazy\" data-src=\"http:\/\/cityrecords.mx\/wp-content\/uploads\/2023\/05\/ESTUDIO02-FOTO02-46.png\" alt=\"\"\/>\n\t\t\t\t\t\t\t\t<div class=\"swiper-lazy-preloader swiper-lazy-preloader-white\"><\/div>\n\t\t\t\t\t\t\t\t\t\t\t\t\t\t\t\t\t<div class=\"spectra-image-gallery__control-lightbox--caption\" data-spectra-gallery-image-id='3088'>\n\t\t\t\t\t\t\t\t\t\tSin leyenda\t\t\t\t\t\t\t\t\t<\/div>\n\t\t\t\t\t\t\t\t\t\t\t\t\t\t\t<\/div>\n\t\t\t\t\t\t\t\t\t\t\t<\/div>\n\t\t\t\t\t<div class=\"swiper-button-next\"><\/div>\n\t\t\t\t\t<div class=\"swiper-button-prev\"><\/div>\n\t\t\t\t<\/div>\t\t\t\n\t\t\t\t\t\t\t\t\t\t\t\t\t\t<div class=\"spectra-image-gallery__control-lightbox--thumbnails-wrapper\">\n\t\t\t\t\t<div class=\"swiper spectra-image-gallery__control-lightbox--thumbnails\">\n\t\t\t\t\t\t<div class=\"swiper-wrapper\">\n\t\t\t\t\t\t\t\t\t\t\t\t\t\t\t<div class=\"swiper-slide\">\n\t\t\t\t\t\t\t\t\t<img decoding=\"async\" src=\"http:\/\/cityrecords.mx\/wp-content\/uploads\/2023\/05\/ESTUDIO02-FOTO02-50-150x150.png\" tabindex=\"0\" alt=\"\"\/>\n\t\t\t\t\t\t\t\t<\/div>\n\t\t\t\t\t\t\t\t\t\t\t\t\t\t\t<div class=\"swiper-slide\">\n\t\t\t\t\t\t\t\t\t<img decoding=\"async\" src=\"http:\/\/cityrecords.mx\/wp-content\/uploads\/2023\/05\/ESTUDIO02-FOTO02-49-150x150.png\" tabindex=\"0\" alt=\"\"\/>\n\t\t\t\t\t\t\t\t<\/div>\n\t\t\t\t\t\t\t\t\t\t\t\t\t\t\t<div class=\"swiper-slide\">\n\t\t\t\t\t\t\t\t\t<img decoding=\"async\" src=\"http:\/\/cityrecords.mx\/wp-content\/uploads\/2023\/05\/ESTUDIO02-FOTO02-48-150x150.png\" tabindex=\"0\" alt=\"\"\/>\n\t\t\t\t\t\t\t\t<\/div>\n\t\t\t\t\t\t\t\t\t\t\t\t\t\t\t<div class=\"swiper-slide\">\n\t\t\t\t\t\t\t\t\t<img decoding=\"async\" src=\"http:\/\/cityrecords.mx\/wp-content\/uploads\/2023\/05\/ESTUDIO02-FOTO02-46-150x150.png\" tabindex=\"0\" alt=\"\"\/>\n\t\t\t\t\t\t\t\t<\/div>\n\t\t\t\t\t\t\t\t\t\t\t\t\t<\/div>\n\t\t\t\t\t<\/div>\n\t\t\t\t<\/div>\n\t\t\t\t\t\t\t\t\t\t\t\t\t\t\t\t\t\t\t\t\t\t\t\t\t<button class='spectra-image-gallery__control-lightbox--close' aria-label=\"Close\">\n\t\t\t\t\t\t\t\t\t\t\t\t\t<svg xmlns=\"https:\/\/www.w3.org\/2000\/svg\" viewBox= \"0 0 320 512\"><path d=\"M310.6 361.4c12.5 12.5 12.5 32.75 0 45.25C304.4 412.9 296.2 416 288 416s-16.38-3.125-22.62-9.375L160 301.3L54.63 406.6C48.38 412.9 40.19 416 32 416S15.63 412.9 9.375 406.6c-12.5-12.5-12.5-32.75 0-45.25l105.4-105.4L9.375 150.6c-12.5-12.5-12.5-32.75 0-45.25s32.75-12.5 45.25 0L160 210.8l105.4-105.4c12.5-12.5 32.75-12.5 45.25 0s12.5 32.75 0 45.25l-105.4 105.4L310.6 361.4z\"><\/path><\/svg>\n\t\t\t\t\t\t\t\t\t\t\t\t<\/button>\n\t\t\t\t\t\t\t\t\t\t\t\t\t<\/div>\n\t\t\t\t\t\t\t\t\t<\/div><\/div>\n\n\n\n<div class=\"wp-block-uagb-container uagb-block-ec3ef8f1 alignfull uagb-is-root-container\"><div class=\"uagb-container-inner-blocks-wrap\">\n<div class=\"wp-block-uagb-container uagb-block-728ae658\">\n<div class=\"wp-block-uagb-info-box uagb-block-fe1fb82c uagb-infobox__content-wrap  uagb-infobox-icon-above-title uagb-infobox-image-valign-top\"><div class=\"uagb-ifb-content\"><div class=\"uagb-ifb-title-wrap\"><h2 class=\"uagb-ifb-title\">\u00a1<strong>Cont\u00e1ctanos!<\/strong><\/h2><\/div><p class=\"uagb-ifb-desc\"><strong>Contacta con nosotros,<\/strong><br><strong>estaremos <\/strong><strong>encantados de atenderte.<\/strong><br><br><\/p><div class=\"uagb-ifb-button-wrapper wp-block-button\"><a href=\"https:\/\/cityrecords.mx\/index.php\/contact\/\" class=\"uagb-infobox-cta-link wp-block-button__link\" target=\"_self\" rel=\"noopener noreferrer\" onclick=\"return true;\" alt=\"\"><span class=\"uagb-inline-editing\">clic aqu\u00ed<\/span><\/a><\/div><\/div><\/div>\n<\/div>\n<\/div><\/div>\n","protected":false},"excerpt":{"rendered":"<p>Disquera Apoyamos a nuestros artistas en la producci\u00f3n, comercializaci\u00f3n y distribuci\u00f3n de sus proyectos, brindando todas las herramientas necesarias para tener una carrera pr\u00f3spera en la industria del entretenimiento. Management&amp; Booking Trabajamos de la mano con distintos artistas ayud\u00e1ndolos a desarrollar su carrera musical mediante un constante acompa\u00f1amiento estrat\u00e9gico, creando planes de promoci\u00f3n que permitan [&hellip;]<\/p>\n","protected":false},"author":1,"featured_media":0,"parent":0,"menu_order":0,"comment_status":"closed","ping_status":"closed","template":"","meta":{"_uag_custom_page_level_css":"","site-sidebar-layout":"no-sidebar","site-content-layout":"page-builder","ast-site-content-layout":"default","site-content-style":"default","site-sidebar-style":"default","ast-global-header-display":"","ast-banner-title-visibility":"","ast-main-header-display":"","ast-hfb-above-header-display":"","ast-hfb-below-header-display":"","ast-hfb-mobile-header-display":"","site-post-title":"disabled","ast-breadcrumbs-content":"","ast-featured-img":"disabled","footer-sml-layout":"","ast-disable-related-posts":"","theme-transparent-header-meta":"enabled","adv-header-id-meta":"","stick-header-meta":"","header-above-stick-meta":"","header-main-stick-meta":"","header-below-stick-meta":"","astra-migrate-meta-layouts":"default","ast-page-background-enabled":"default","ast-page-background-meta":{"desktop":{"background-color":"","background-image":"","background-repeat":"repeat","background-position":"center center","background-size":"auto","background-attachment":"scroll","background-type":"","background-media":"","overlay-type":"","overlay-color":"","overlay-opacity":"","overlay-gradient":""},"tablet":{"background-color":"","background-image":"","background-repeat":"repeat","background-position":"center center","background-size":"auto","background-attachment":"scroll","background-type":"","background-media":"","overlay-type":"","overlay-color":"","overlay-opacity":"","overlay-gradient":""},"mobile":{"background-color":"","background-image":"","background-repeat":"repeat","background-position":"center center","background-size":"auto","background-attachment":"scroll","background-type":"","background-media":"","overlay-type":"","overlay-color":"","overlay-opacity":"","overlay-gradient":""}},"ast-content-background-meta":{"desktop":{"background-color":"var(--ast-global-color-5)","background-image":"","background-repeat":"repeat","background-position":"center center","background-size":"auto","background-attachment":"scroll","background-type":"","background-media":"","overlay-type":"","overlay-color":"","overlay-opacity":"","overlay-gradient":""},"tablet":{"background-color":"var(--ast-global-color-5)","background-image":"","background-repeat":"repeat","background-position":"center center","background-size":"auto","background-attachment":"scroll","background-type":"","background-media":"","overlay-type":"","overlay-color":"","overlay-opacity":"","overlay-gradient":""},"mobile":{"background-color":"var(--ast-global-color-5)","background-image":"","background-repeat":"repeat","background-position":"center center","background-size":"auto","background-attachment":"scroll","background-type":"","background-media":"","overlay-type":"","overlay-color":"","overlay-opacity":"","overlay-gradient":""}}},"uagb_featured_image_src":{"full":false,"thumbnail":false,"medium":false,"medium_large":false,"large":false,"1536x1536":false,"2048x2048":false},"uagb_author_info":{"display_name":"diseno.rluna@gmail.com","author_link":"https:\/\/cityrecords.mx\/index.php\/author\/diseno-rlunagmail-com\/"},"uagb_comment_info":0,"uagb_excerpt":"Disquera Apoyamos a nuestros artistas en la producci\u00f3n, comercializaci\u00f3n y distribuci\u00f3n de sus proyectos, brindando todas las herramientas necesarias para tener una carrera pr\u00f3spera en la industria del entretenimiento. Management&amp; Booking Trabajamos de la mano con distintos artistas ayud\u00e1ndolos a desarrollar su carrera musical mediante un constante acompa\u00f1amiento estrat\u00e9gico, creando planes de promoci\u00f3n que permitan&hellip;","_links":{"self":[{"href":"https:\/\/cityrecords.mx\/index.php\/wp-json\/wp\/v2\/pages\/563"}],"collection":[{"href":"https:\/\/cityrecords.mx\/index.php\/wp-json\/wp\/v2\/pages"}],"about":[{"href":"https:\/\/cityrecords.mx\/index.php\/wp-json\/wp\/v2\/types\/page"}],"author":[{"embeddable":true,"href":"https:\/\/cityrecords.mx\/index.php\/wp-json\/wp\/v2\/users\/1"}],"replies":[{"embeddable":true,"href":"https:\/\/cityrecords.mx\/index.php\/wp-json\/wp\/v2\/comments?post=563"}],"version-history":[{"count":57,"href":"https:\/\/cityrecords.mx\/index.php\/wp-json\/wp\/v2\/pages\/563\/revisions"}],"predecessor-version":[{"id":3634,"href":"https:\/\/cityrecords.mx\/index.php\/wp-json\/wp\/v2\/pages\/563\/revisions\/3634"}],"wp:attachment":[{"href":"https:\/\/cityrecords.mx\/index.php\/wp-json\/wp\/v2\/media?parent=563"}],"curies":[{"name":"wp","href":"https:\/\/api.w.org\/{rel}","templated":true}]}}