{"id":559,"date":"2022-03-30T03:32:54","date_gmt":"2022-03-30T03:32:54","guid":{"rendered":"https:\/\/cityrecords.mx\/index.php\/about\/"},"modified":"2023-05-19T21:30:14","modified_gmt":"2023-05-19T21:30:14","slug":"about","status":"publish","type":"page","link":"https:\/\/cityrecords.mx\/index.php\/about\/","title":{"rendered":"About"},"content":{"rendered":"\n<div class=\"wp-block-uagb-container uagb-block-15133b76 alignfull uagb-is-root-container\"><div class=\"uagb-container-inner-blocks-wrap\">\n<div class=\"wp-block-uagb-container uagb-block-89a5bea7\">\n<div class=\"wp-block-uagb-advanced-heading uagb-block-25cdac7b\"><h1 class=\"uagb-heading-text\"><strong>\u00bfQui\u00e9nes somos?<\/strong><\/h1><\/div>\n\n\n\n<div class=\"wp-block-uagb-info-box uagb-block-0e054e5b uagb-infobox__content-wrap  uagb-infobox-icon-above-title uagb-infobox-image-valign-top\"><div class=\"uagb-ifb-content\"><div class=\"uagb-ifb-title-wrap\"><\/div><p class=\"uagb-ifb-desc\"><strong>City<\/strong> <strong>Records<\/strong> es una empresa creada por entusiastas unidos por una pasi\u00f3n en com\u00fan: <strong>la<\/strong> <strong>m\u00fasica<\/strong>. <br><br>Deciden poner a prueba su <strong>imaginaci\u00f3n<\/strong>, <strong>creatividad<\/strong>, <strong>profesionalismo<\/strong> y <strong>experiencia<\/strong> que han construido con m\u00e1s de <strong>20<\/strong> <strong>a\u00f1os<\/strong> dentro de la industria del entretenimiento. Por lo cual, nos gustar\u00eda llegar a ser una empresa <strong>l\u00edder<\/strong> en Monterrey, Nuevo Le\u00f3n, con repercusi\u00f3n en todo M\u00e9xico, Am\u00e9rica Latina y Estados Unidos. <br><br>City Records se origina por la necesidad de simplificar la industria musical por medio de la creaci\u00f3n de una gran casa discogr\u00e1fica, donde los artistas y clientes puedan encontrar todo lo que necesitan para desarrollar sus carreras y proyectos. Incorporando un departamento de <strong>management<\/strong> <strong>&amp;<\/strong> <strong>booking<\/strong> y una <strong>productora<\/strong> <strong>de<\/strong> <strong>eventos<\/strong>, <strong>City<\/strong> <strong>Records<\/strong> est\u00e1 para prestar un servicio integral donde los retos y dificultades simplemente se convierten en metas por alcanzar.<\/p><\/div><\/div>\n<\/div>\n<\/div><\/div>\n\n\n\n<div class=\"wp-block-uagb-container uagb-block-5d716434 alignfull uagb-is-root-container\"><div class=\"uagb-container-inner-blocks-wrap\">\n<div class=\"wp-block-uagb-container uagb-block-b4dcf6a8\">\n<hr class=\"wp-block-separator has-alpha-channel-opacity is-style-dots\"\/>\n\n\n\n<div class=\"wp-block-columns is-layout-flex wp-container-3\" style=\"margin-top:var(--wp--preset--spacing--60);margin-bottom:var(--wp--preset--spacing--60);padding-top:0;padding-right:0;padding-bottom:0;padding-left:0\">\n<div class=\"wp-block-column is-vertically-aligned-center is-layout-flow\" style=\"padding-top:0;padding-right:0;padding-bottom:0;padding-left:0;flex-basis:50%\">\n<div class=\"wp-block-uagb-info-box uagb-block-f2898ced uagb-infobox__content-wrap  uagb-infobox-icon-above-title uagb-infobox-image-valign-top\"><div class=\"uagb-ifb-content\"><div class=\"uagb-ifb-icon-wrap\"><svg xmlns=\"https:\/\/www.w3.org\/2000\/svg\" viewBox=\"0 0 512 512\"><path d=\"M288 256C288 273.7 273.7 288 256 288C238.3 288 224 273.7 224 256C224 238.3 238.3 224 256 224C273.7 224 288 238.3 288 256zM112 256C112 176.5 176.5 112 256 112C335.5 112 400 176.5 400 256C400 335.5 335.5 400 256 400C176.5 400 112 335.5 112 256zM256 336C300.2 336 336 300.2 336 256C336 211.8 300.2 176 256 176C211.8 176 176 211.8 176 256C176 300.2 211.8 336 256 336zM512 256C512 397.4 397.4 512 256 512C114.6 512 0 397.4 0 256C0 114.6 114.6 0 256 0C397.4 0 512 114.6 512 256zM256 64C149.1 64 64 149.1 64 256C64 362 149.1 448 256 448C362 448 448 362 448 256C448 149.1 362 64 256 64z\"><\/path><\/svg><\/div><div class=\"uagb-ifb-title-wrap\"><h3 class=\"uagb-ifb-title\">Misi\u00f3n<\/h3><\/div><p class=\"uagb-ifb-desc\"><strong>Satisfacer las necesidades de nuestros clientes y artistas, estando a la vanguardia en los medios para as\u00ed convertirnos en un elemento esencial y con esto, posicionarnos como l\u00edderes en la industria del entretenimiento musical.<\/strong><\/p><\/div><\/div>\n<\/div>\n\n\n\n<div class=\"wp-block-column is-layout-flow\" style=\"flex-basis:50%\">\n<div class=\"wp-block-uagb-info-box uagb-block-62b108b9 uagb-infobox__content-wrap  uagb-infobox-icon-above-title uagb-infobox-image-valign-top\"><div class=\"uagb-ifb-content\"><div class=\"uagb-ifb-icon-wrap\"><svg xmlns=\"https:\/\/www.w3.org\/2000\/svg\" viewBox=\"0 0 576 512\"><path d=\"M279.6 160.4C282.4 160.1 285.2 160 288 160C341 160 384 202.1 384 256C384 309 341 352 288 352C234.1 352 192 309 192 256C192 253.2 192.1 250.4 192.4 247.6C201.7 252.1 212.5 256 224 256C259.3 256 288 227.3 288 192C288 180.5 284.1 169.7 279.6 160.4zM480.6 112.6C527.4 156 558.7 207.1 573.5 243.7C576.8 251.6 576.8 260.4 573.5 268.3C558.7 304 527.4 355.1 480.6 399.4C433.5 443.2 368.8 480 288 480C207.2 480 142.5 443.2 95.42 399.4C48.62 355.1 17.34 304 2.461 268.3C-.8205 260.4-.8205 251.6 2.461 243.7C17.34 207.1 48.62 156 95.42 112.6C142.5 68.84 207.2 32 288 32C368.8 32 433.5 68.84 480.6 112.6V112.6zM288 112C208.5 112 144 176.5 144 256C144 335.5 208.5 400 288 400C367.5 400 432 335.5 432 256C432 176.5 367.5 112 288 112z\"><\/path><\/svg><\/div><div class=\"uagb-ifb-title-wrap\"><h3 class=\"uagb-ifb-title\">Visi\u00f3n<\/h3><\/div><p class=\"uagb-ifb-desc\"><strong>D\u00eda a d\u00eda trabajamos para ser una empresa l\u00edder en el sector del entretenimiento, fomentando la industria musical reconocida por su innovaci\u00f3n, compromiso y altos est\u00e1ndares de calidad humana y profesional.<\/strong><\/p><\/div><\/div>\n<\/div>\n<\/div>\n\n\n\n<div class=\"wp-block-uagb-container uagb-block-d2523dbf\">\n<div class=\"wp-block-uagb-container uagb-block-d62795a5\">\n<div class=\"wp-block-uagb-advanced-heading uagb-block-25d2148a\"><h2 class=\"uagb-heading-text\"><strong>Nuestros <\/strong><strong>Valores<\/strong><br><\/h2><p class=\"uagb-desc-text\"><strong>\u00b7 RESPETO \u00b7 <br>Estamos comprometidos en mantener una cultura de respeto e integridad basada en nuestros principios corporativos que nos llevan a crear un ambiente de confianza y lealtad hacia nuestros clientes, quienes son nuestra principal preocupaci\u00f3n. <\/strong><br><br>\u00b7 <strong>COMPROMISO<\/strong> \u00b7<br><strong>En City Records sabemos que lo m\u00e1s importante es la satisfacci\u00f3n de nuestros clientes, por tal motivo nuestro compromiso es ofrecer un servicio que cumpla y supere sus expectativas para as\u00ed convertirnos en un elemento esencial, con una cultura orientada al cliente, sus necesidades y c\u00f3mo actuar ante ellas. Nuestros clientes son el centro de todo lo que hacemos. <br><\/strong><br>\u00b7 <strong>PROFESIONALISMO<\/strong> \u00b7<br><strong>Mantener un servicio excepcional nos caracteriza; cada uno de nuestros servicios contar\u00e1 con los m\u00e1s altos est\u00e1ndares de calidad.<\/strong><\/p><\/div>\n<\/div>\n\n\n\n<div class=\"wp-block-uagb-container uagb-block-1ff4bdf4\"><\/div>\n<\/div>\n<\/div>\n<\/div><\/div>\n\n\n\n<div class=\"wp-block-uagb-container uagb-block-25f84804 alignwide uagb-is-root-container\">\n<div class=\"wp-block-uagb-container uagb-block-eba8ce27\">\n<div class=\"wp-block-uagb-info-box uagb-block-321ecb46 uagb-infobox__content-wrap  uagb-infobox-icon-above-title uagb-infobox-image-valign-top\"><div class=\"uagb-ifb-content\"><div class=\"uagb-ifb-title-wrap\"><h2 class=\"uagb-ifb-title\"><strong>\u00a1Cont\u00e1ctanos!<\/strong><\/h2><\/div><p class=\"uagb-ifb-desc\"><strong>Contacta con nosotros,<\/strong><br><strong>estaremos&nbsp;encantados de atenderte.<\/strong><\/p><div class=\"uagb-ifb-button-wrapper wp-block-button\"><a href=\"https:\/\/cityrecords.mx\/index.php\/contact\/\" class=\"uagb-infobox-cta-link wp-block-button__link\" target=\"_self\" rel=\"noopener noreferrer\" onclick=\"return true;\" alt=\"\"><span class=\"uagb-inline-editing\">clic aqu\u00ed<\/span><\/a><\/div><\/div><\/div>\n<\/div>\n<\/div>\n","protected":false},"excerpt":{"rendered":"<p>\u00bfQui\u00e9nes somos? Nuestros Valores \u00b7 RESPETO \u00b7 Estamos comprometidos en mantener una cultura de respeto e integridad basada en nuestros principios corporativos que nos llevan a crear un ambiente de confianza y lealtad hacia nuestros clientes, quienes son nuestra principal preocupaci\u00f3n. \u00b7 COMPROMISO \u00b7En City Records sabemos que lo m\u00e1s importante es la satisfacci\u00f3n de [&hellip;]<\/p>\n","protected":false},"author":1,"featured_media":0,"parent":0,"menu_order":0,"comment_status":"closed","ping_status":"closed","template":"","meta":{"_uag_custom_page_level_css":"","site-sidebar-layout":"no-sidebar","site-content-layout":"page-builder","ast-site-content-layout":"default","site-content-style":"default","site-sidebar-style":"default","ast-global-header-display":"","ast-banner-title-visibility":"","ast-main-header-display":"","ast-hfb-above-header-display":"","ast-hfb-below-header-display":"","ast-hfb-mobile-header-display":"","site-post-title":"disabled","ast-breadcrumbs-content":"","ast-featured-img":"disabled","footer-sml-layout":"","ast-disable-related-posts":"","theme-transparent-header-meta":"enabled","adv-header-id-meta":"","stick-header-meta":"","header-above-stick-meta":"","header-main-stick-meta":"","header-below-stick-meta":"","astra-migrate-meta-layouts":"default","ast-page-background-enabled":"default","ast-page-background-meta":{"desktop":{"background-color":"","background-image":"","background-repeat":"repeat","background-position":"center center","background-size":"auto","background-attachment":"scroll","background-type":"","background-media":"","overlay-type":"","overlay-color":"","overlay-opacity":"","overlay-gradient":""},"tablet":{"background-color":"","background-image":"","background-repeat":"repeat","background-position":"center center","background-size":"auto","background-attachment":"scroll","background-type":"","background-media":"","overlay-type":"","overlay-color":"","overlay-opacity":"","overlay-gradient":""},"mobile":{"background-color":"","background-image":"","background-repeat":"repeat","background-position":"center center","background-size":"auto","background-attachment":"scroll","background-type":"","background-media":"","overlay-type":"","overlay-color":"","overlay-opacity":"","overlay-gradient":""}},"ast-content-background-meta":{"desktop":{"background-color":"var(--ast-global-color-5)","background-image":"","background-repeat":"repeat","background-position":"center center","background-size":"auto","background-attachment":"scroll","background-type":"","background-media":"","overlay-type":"","overlay-color":"","overlay-opacity":"","overlay-gradient":""},"tablet":{"background-color":"var(--ast-global-color-5)","background-image":"","background-repeat":"repeat","background-position":"center center","background-size":"auto","background-attachment":"scroll","background-type":"","background-media":"","overlay-type":"","overlay-color":"","overlay-opacity":"","overlay-gradient":""},"mobile":{"background-color":"var(--ast-global-color-5)","background-image":"","background-repeat":"repeat","background-position":"center center","background-size":"auto","background-attachment":"scroll","background-type":"","background-media":"","overlay-type":"","overlay-color":"","overlay-opacity":"","overlay-gradient":""}}},"uagb_featured_image_src":{"full":false,"thumbnail":false,"medium":false,"medium_large":false,"large":false,"1536x1536":false,"2048x2048":false},"uagb_author_info":{"display_name":"diseno.rluna@gmail.com","author_link":"https:\/\/cityrecords.mx\/index.php\/author\/diseno-rlunagmail-com\/"},"uagb_comment_info":0,"uagb_excerpt":"\u00bfQui\u00e9nes somos? Nuestros Valores \u00b7 RESPETO \u00b7 Estamos comprometidos en mantener una cultura de respeto e integridad basada en nuestros principios corporativos que nos llevan a crear un ambiente de confianza y lealtad hacia nuestros clientes, quienes son nuestra principal preocupaci\u00f3n. \u00b7 COMPROMISO \u00b7En City Records sabemos que lo m\u00e1s importante es la satisfacci\u00f3n de&hellip;","_links":{"self":[{"href":"https:\/\/cityrecords.mx\/index.php\/wp-json\/wp\/v2\/pages\/559"}],"collection":[{"href":"https:\/\/cityrecords.mx\/index.php\/wp-json\/wp\/v2\/pages"}],"about":[{"href":"https:\/\/cityrecords.mx\/index.php\/wp-json\/wp\/v2\/types\/page"}],"author":[{"embeddable":true,"href":"https:\/\/cityrecords.mx\/index.php\/wp-json\/wp\/v2\/users\/1"}],"replies":[{"embeddable":true,"href":"https:\/\/cityrecords.mx\/index.php\/wp-json\/wp\/v2\/comments?post=559"}],"version-history":[{"count":34,"href":"https:\/\/cityrecords.mx\/index.php\/wp-json\/wp\/v2\/pages\/559\/revisions"}],"predecessor-version":[{"id":3693,"href":"https:\/\/cityrecords.mx\/index.php\/wp-json\/wp\/v2\/pages\/559\/revisions\/3693"}],"wp:attachment":[{"href":"https:\/\/cityrecords.mx\/index.php\/wp-json\/wp\/v2\/media?parent=559"}],"curies":[{"name":"wp","href":"https:\/\/api.w.org\/{rel}","templated":true}]}}