{"id":2726,"date":"2023-05-05T23:16:52","date_gmt":"2023-05-05T23:16:52","guid":{"rendered":"https:\/\/cityrecords.mx\/?page_id=2726"},"modified":"2023-05-13T22:23:56","modified_gmt":"2023-05-13T22:23:56","slug":"informes-de-gobierno","status":"publish","type":"page","link":"https:\/\/cityrecords.mx\/index.php\/informes-de-gobierno\/","title":{"rendered":"Informes de Gobierno"},"content":{"rendered":"\n<div class=\"wp-block-uagb-container uagb-block-765caf4f alignfull uagb-is-root-container\"><div class=\"uagb-container-inner-blocks-wrap\">\n<div class=\"wp-block-uagb-container uagb-block-d34c1fa0\">\n<div class=\"wp-block-uagb-advanced-heading uagb-block-1282f0b3\"><h1 class=\"uagb-heading-text\"><strong>INFORMES DE GOBIERNO<\/strong><\/h1><\/div>\n\n\n\n<div class=\"wp-block-uagb-info-box uagb-block-d0a588f6 uagb-infobox__content-wrap  uagb-infobox-icon-above-title uagb-infobox-image-valign-top\"><div class=\"uagb-ifb-content\"><div class=\"uagb-ifb-title-wrap\"><\/div><p class=\"uagb-ifb-desc\"><strong>La personalidad se demuestra en la forma en que te presentas ante el mundo, por ello nosotros dise\u00f1amos, planeamos y desarrollamos escenografias y formatos para informes gubernamentales que van de peque\u00f1as a grandes producciones, garantizando un servicio integral y de alto impacto.<\/strong><\/p><\/div><\/div>\n<\/div>\n<\/div><\/div>\n\n\n\n<div class=\"wp-block-uagb-container uagb-block-faf9a509 alignfull uagb-is-root-container\"><div class=\"uagb-container-inner-blocks-wrap\">\n<div class=\"wp-block-uagb-container uagb-block-22763505\">\n<div class=\"wp-block-uagb-container uagb-block-a8d9aeb2\">\n<div class=\"wp-block-uagb-container uagb-block-f5c4a517\">\n<h2 class=\"wp-block-heading\"><strong><strong>PRODUCCI\u00d3N DE ESCENOGRAF\u00cdAS<\/strong><\/strong><\/h2>\n\n\n\n<p>Ofrecemos soluciones completas para la <strong>PRODUCCI\u00d3N<\/strong> de <strong>EVENTOS<\/strong> incluyendo <strong>DISE\u00d1O<\/strong> <strong>Y<\/strong> <strong>MONTAJE<\/strong> de <strong>ILUMINACI\u00d3N<\/strong>, as\u00ed como la creaci\u00f3n de escenarios acorde a las necesidades particulares de cada evento, contando con la innovaci\u00f3n de los elementos visuales ofrecidos por la tecnolog\u00eda en conjunto con la creatividad de nuestro personal.<\/p>\n<\/div>\n\n\n\n<div class=\"wp-block-uagb-container uagb-block-9c0a1ada\"><\/div>\n<\/div>\n\n\n\n<div class=\"wp-block-uagb-container uagb-block-a50bd9d2\">\n<div class=\"wp-block-uagb-container uagb-block-6e820117\"><\/div>\n\n\n\n<div class=\"wp-block-uagb-container uagb-block-8f1acaba\">\n<h2 class=\"wp-block-heading\"><strong>SERVICIOS ADICIONALES<\/strong><\/h2>\n\n\n\n<div class=\"wp-block-uagb-icon-list uagb-block-67efe5ea\"><div class=\"uagb-icon-list__wrap\">\n<div class=\"wp-block-uagb-icon-list-child uagb-block-7f667bc6\"><a target=\"_self\" aria-label=\"Audio \" rel=\"noopener noreferrer\" href=\"#\"> <\/a><span class=\"uagb-icon-list__source-wrap\"><svg xmlns=\"https:\/\/www.w3.org\/2000\/svg\" viewBox=\"0 0 256 512\"><path d=\"M64 448c-8.188 0-16.38-3.125-22.62-9.375c-12.5-12.5-12.5-32.75 0-45.25L178.8 256L41.38 118.6c-12.5-12.5-12.5-32.75 0-45.25s32.75-12.5 45.25 0l160 160c12.5 12.5 12.5 32.75 0 45.25l-160 160C80.38 444.9 72.19 448 64 448z\"><\/path><\/svg><\/span><span class=\"uagb-icon-list__label\"><strong>Audio<\/strong> <\/span><\/div>\n\n\n\n<div class=\"wp-block-uagb-icon-list-child uagb-block-aaefc617\"><a target=\"_self\" aria-label=\"Escenograf\u00eda\" rel=\"noopener noreferrer\" href=\"#\"> <\/a><span class=\"uagb-icon-list__source-wrap\"><svg xmlns=\"https:\/\/www.w3.org\/2000\/svg\" viewBox=\"0 0 256 512\"><path d=\"M64 448c-8.188 0-16.38-3.125-22.62-9.375c-12.5-12.5-12.5-32.75 0-45.25L178.8 256L41.38 118.6c-12.5-12.5-12.5-32.75 0-45.25s32.75-12.5 45.25 0l160 160c12.5 12.5 12.5 32.75 0 45.25l-160 160C80.38 444.9 72.19 448 64 448z\"><\/path><\/svg><\/span><span class=\"uagb-icon-list__label\"><strong>Escenograf\u00eda<\/strong><\/span><\/div>\n\n\n\n<div class=\"wp-block-uagb-icon-list-child uagb-block-69efb03b\"><a target=\"_self\" aria-label=\"Iluminaci\u00f3n\" rel=\"noopener noreferrer\" href=\"#\"> <\/a><span class=\"uagb-icon-list__source-wrap\"><svg xmlns=\"https:\/\/www.w3.org\/2000\/svg\" viewBox=\"0 0 256 512\"><path d=\"M64 448c-8.188 0-16.38-3.125-22.62-9.375c-12.5-12.5-12.5-32.75 0-45.25L178.8 256L41.38 118.6c-12.5-12.5-12.5-32.75 0-45.25s32.75-12.5 45.25 0l160 160c12.5 12.5 12.5 32.75 0 45.25l-160 160C80.38 444.9 72.19 448 64 448z\"><\/path><\/svg><\/span><span class=\"uagb-icon-list__label\"><strong>Iluminaci\u00f3n<\/strong><\/span><\/div>\n\n\n\n<div class=\"wp-block-uagb-icon-list-child uagb-block-1dc469c1\"><a target=\"_self\" aria-label=\"Pantallas\" rel=\"noopener noreferrer\" href=\"#\"> <\/a><span class=\"uagb-icon-list__source-wrap\"><svg xmlns=\"https:\/\/www.w3.org\/2000\/svg\" viewBox=\"0 0 256 512\"><path d=\"M64 448c-8.188 0-16.38-3.125-22.62-9.375c-12.5-12.5-12.5-32.75 0-45.25L178.8 256L41.38 118.6c-12.5-12.5-12.5-32.75 0-45.25s32.75-12.5 45.25 0l160 160c12.5 12.5 12.5 32.75 0 45.25l-160 160C80.38 444.9 72.19 448 64 448z\"><\/path><\/svg><\/span><span class=\"uagb-icon-list__label\"><strong>Pantallas<\/strong><\/span><\/div>\n\n\n\n<div class=\"wp-block-uagb-icon-list-child uagb-block-f970ad8e\"><span class=\"uagb-icon-list__source-wrap\"><svg xmlns=\"https:\/\/www.w3.org\/2000\/svg\" viewBox=\"0 0 256 512\"><path d=\"M64 448c-8.188 0-16.38-3.125-22.62-9.375c-12.5-12.5-12.5-32.75 0-45.25L178.8 256L41.38 118.6c-12.5-12.5-12.5-32.75 0-45.25s32.75-12.5 45.25 0l160 160c12.5 12.5 12.5 32.75 0 45.25l-160 160C80.38 444.9 72.19 448 64 448z\"><\/path><\/svg><\/span><span class=\"uagb-icon-list__label\"><strong>CCTV<\/strong><\/span><\/div>\n\n\n\n<div class=\"wp-block-uagb-icon-list-child uagb-block-b5e085fb\"><span class=\"uagb-icon-list__source-wrap\"><svg xmlns=\"https:\/\/www.w3.org\/2000\/svg\" viewBox=\"0 0 256 512\"><path d=\"M64 448c-8.188 0-16.38-3.125-22.62-9.375c-12.5-12.5-12.5-32.75 0-45.25L178.8 256L41.38 118.6c-12.5-12.5-12.5-32.75 0-45.25s32.75-12.5 45.25 0l160 160c12.5 12.5 12.5 32.75 0 45.25l-160 160C80.38 444.9 72.19 448 64 448z\"><\/path><\/svg><\/span><span class=\"uagb-icon-list__label\"><strong>Grabaci\u00f3n de video y edici\u00f3n<\/strong><\/span><\/div>\n\n\n\n<div class=\"wp-block-uagb-icon-list-child uagb-block-61e4c99a\"><span class=\"uagb-icon-list__source-wrap\"><svg xmlns=\"https:\/\/www.w3.org\/2000\/svg\" viewBox=\"0 0 256 512\"><path d=\"M64 448c-8.188 0-16.38-3.125-22.62-9.375c-12.5-12.5-12.5-32.75 0-45.25L178.8 256L41.38 118.6c-12.5-12.5-12.5-32.75 0-45.25s32.75-12.5 45.25 0l160 160c12.5 12.5 12.5 32.75 0 45.25l-160 160C80.38 444.9 72.19 448 64 448z\"><\/path><\/svg><\/span><span class=\"uagb-icon-list__label\"><strong>Telepronter<\/strong><\/span><\/div>\n\n\n\n<div class=\"wp-block-uagb-icon-list-child uagb-block-4a52fce5\"><span class=\"uagb-icon-list__source-wrap\"><svg xmlns=\"https:\/\/www.w3.org\/2000\/svg\" viewBox=\"0 0 256 512\"><path d=\"M64 448c-8.188 0-16.38-3.125-22.62-9.375c-12.5-12.5-12.5-32.75 0-45.25L178.8 256L41.38 118.6c-12.5-12.5-12.5-32.75 0-45.25s32.75-12.5 45.25 0l160 160c12.5 12.5 12.5 32.75 0 45.25l-160 160C80.38 444.9 72.19 448 64 448z\"><\/path><\/svg><\/span><span class=\"uagb-icon-list__label\"><strong>Videos institucionales<\/strong><\/span><\/div>\n<\/div><\/div>\n<\/div>\n<\/div>\n<\/div>\n<\/div><\/div>\n\n\n\n<div class=\"wp-block-uagb-container uagb-block-4474fdeb alignfull uagb-is-root-container\"><div class=\"uagb-container-inner-blocks-wrap\">\n<div class=\"wp-block-uagb-container uagb-block-561e1735\">\n<div class=\"wp-block-uagb-info-box uagb-block-a597bd9e uagb-infobox__content-wrap  uagb-infobox-icon-above-title uagb-infobox-image-valign-top\"><div class=\"uagb-ifb-content\"><div class=\"uagb-ifb-title-wrap\"><h2 class=\"uagb-ifb-title\">\u00a1<strong>Cont\u00e1ctanos!<\/strong><\/h2><\/div><p class=\"uagb-ifb-desc\"><strong>Contacta con nosotros,<\/strong><br><strong>estaremos\u00a0encantados de atenderte.<\/strong><\/p><div class=\"uagb-ifb-button-wrapper wp-block-button\"><a href=\"https:\/\/cityrecords.mx\/index.php\/contact\/\" class=\"uagb-infobox-cta-link wp-block-button__link\" target=\"_self\" rel=\"noopener noreferrer\" onclick=\"return true;\" alt=\"\"><span class=\"uagb-inline-editing\">clic aqu\u00ed<\/span><\/a><\/div><\/div><\/div>\n<\/div>\n<\/div><\/div>\n","protected":false},"excerpt":{"rendered":"<p>INFORMES DE GOBIERNO PRODUCCI\u00d3N DE ESCENOGRAF\u00cdAS Ofrecemos soluciones completas para la PRODUCCI\u00d3N de EVENTOS incluyendo DISE\u00d1O Y MONTAJE de ILUMINACI\u00d3N, as\u00ed como la creaci\u00f3n de escenarios acorde a las necesidades particulares de cada evento, contando con la innovaci\u00f3n de los elementos visuales ofrecidos por la tecnolog\u00eda en conjunto con la creatividad de nuestro personal. SERVICIOS [&hellip;]<\/p>\n","protected":false},"author":1,"featured_media":0,"parent":0,"menu_order":0,"comment_status":"closed","ping_status":"closed","template":"","meta":{"_uag_custom_page_level_css":"","site-sidebar-layout":"default","site-content-layout":"","ast-site-content-layout":"default","site-content-style":"default","site-sidebar-style":"default","ast-global-header-display":"","ast-banner-title-visibility":"","ast-main-header-display":"","ast-hfb-above-header-display":"","ast-hfb-below-header-display":"","ast-hfb-mobile-header-display":"","site-post-title":"disabled","ast-breadcrumbs-content":"","ast-featured-img":"","footer-sml-layout":"","ast-disable-related-posts":"","theme-transparent-header-meta":"","adv-header-id-meta":"","stick-header-meta":"","header-above-stick-meta":"","header-main-stick-meta":"","header-below-stick-meta":"","astra-migrate-meta-layouts":"default","ast-page-background-enabled":"default","ast-page-background-meta":{"desktop":{"background-color":"","background-image":"","background-repeat":"repeat","background-position":"center center","background-size":"auto","background-attachment":"scroll","background-type":"","background-media":"","overlay-type":"","overlay-color":"","overlay-opacity":"","overlay-gradient":""},"tablet":{"background-color":"","background-image":"","background-repeat":"repeat","background-position":"center center","background-size":"auto","background-attachment":"scroll","background-type":"","background-media":"","overlay-type":"","overlay-color":"","overlay-opacity":"","overlay-gradient":""},"mobile":{"background-color":"","background-image":"","background-repeat":"repeat","background-position":"center center","background-size":"auto","background-attachment":"scroll","background-type":"","background-media":"","overlay-type":"","overlay-color":"","overlay-opacity":"","overlay-gradient":""}},"ast-content-background-meta":{"desktop":{"background-color":"var(--ast-global-color-5)","background-image":"","background-repeat":"repeat","background-position":"center center","background-size":"auto","background-attachment":"scroll","background-type":"","background-media":"","overlay-type":"","overlay-color":"","overlay-opacity":"","overlay-gradient":""},"tablet":{"background-color":"var(--ast-global-color-5)","background-image":"","background-repeat":"repeat","background-position":"center center","background-size":"auto","background-attachment":"scroll","background-type":"","background-media":"","overlay-type":"","overlay-color":"","overlay-opacity":"","overlay-gradient":""},"mobile":{"background-color":"var(--ast-global-color-5)","background-image":"","background-repeat":"repeat","background-position":"center center","background-size":"auto","background-attachment":"scroll","background-type":"","background-media":"","overlay-type":"","overlay-color":"","overlay-opacity":"","overlay-gradient":""}}},"uagb_featured_image_src":{"full":false,"thumbnail":false,"medium":false,"medium_large":false,"large":false,"1536x1536":false,"2048x2048":false},"uagb_author_info":{"display_name":"diseno.rluna@gmail.com","author_link":"https:\/\/cityrecords.mx\/index.php\/author\/diseno-rlunagmail-com\/"},"uagb_comment_info":0,"uagb_excerpt":"INFORMES DE GOBIERNO PRODUCCI\u00d3N DE ESCENOGRAF\u00cdAS Ofrecemos soluciones completas para la PRODUCCI\u00d3N de EVENTOS incluyendo DISE\u00d1O Y MONTAJE de ILUMINACI\u00d3N, as\u00ed como la creaci\u00f3n de escenarios acorde a las necesidades particulares de cada evento, contando con la innovaci\u00f3n de los elementos visuales ofrecidos por la tecnolog\u00eda en conjunto con la creatividad de nuestro personal. SERVICIOS&hellip;","_links":{"self":[{"href":"https:\/\/cityrecords.mx\/index.php\/wp-json\/wp\/v2\/pages\/2726"}],"collection":[{"href":"https:\/\/cityrecords.mx\/index.php\/wp-json\/wp\/v2\/pages"}],"about":[{"href":"https:\/\/cityrecords.mx\/index.php\/wp-json\/wp\/v2\/types\/page"}],"author":[{"embeddable":true,"href":"https:\/\/cityrecords.mx\/index.php\/wp-json\/wp\/v2\/users\/1"}],"replies":[{"embeddable":true,"href":"https:\/\/cityrecords.mx\/index.php\/wp-json\/wp\/v2\/comments?post=2726"}],"version-history":[{"count":19,"href":"https:\/\/cityrecords.mx\/index.php\/wp-json\/wp\/v2\/pages\/2726\/revisions"}],"predecessor-version":[{"id":3648,"href":"https:\/\/cityrecords.mx\/index.php\/wp-json\/wp\/v2\/pages\/2726\/revisions\/3648"}],"wp:attachment":[{"href":"https:\/\/cityrecords.mx\/index.php\/wp-json\/wp\/v2\/media?parent=2726"}],"curies":[{"name":"wp","href":"https:\/\/api.w.org\/{rel}","templated":true}]}}