{"id":2724,"date":"2023-05-05T23:16:27","date_gmt":"2023-05-05T23:16:27","guid":{"rendered":"https:\/\/cityrecords.mx\/?page_id=2724"},"modified":"2023-05-13T22:44:09","modified_gmt":"2023-05-13T22:44:09","slug":"pista-de-hielo","status":"publish","type":"page","link":"https:\/\/cityrecords.mx\/index.php\/pista-de-hielo\/","title":{"rendered":"Pista de Hielo"},"content":{"rendered":"\n<div class=\"wp-block-uagb-container uagb-block-0aea4f4f alignfull uagb-is-root-container\"><div class=\"uagb-container-inner-blocks-wrap\">\n<div class=\"wp-block-uagb-container uagb-block-eab5333e\">\n<div class=\"wp-block-uagb-advanced-heading uagb-block-347391d6\"><h1 class=\"uagb-heading-text\"><strong>Pista de<\/strong><br><strong>Hielo<\/strong><\/h1><p class=\"uagb-desc-text\">Contamos con diferentes tama\u00f1os, adapt\u00e1ndonos a los espacios convenientes en pistas de <strong>HIELO<\/strong> <strong>M\u00d3VILES<\/strong>. <br><br><strong>Asi mismo, nuestros servicios pueden incluir espect\u00e1culos de patinaje artistico y obras teatrales sobre hielo, llenando de magia y colorido tu evento o eventos dentro de la estancia contratada para la pista en tu localidad.<\/strong><\/p><\/div>\n\n\n\n<div class=\"wp-block-uagb-advanced-heading uagb-block-b68c54a0\"><h4 class=\"uagb-heading-text\"><strong>Beneficios e impacto de las pistas m\u00f3viles:<\/strong><\/h4><\/div>\n\n\n\n<div class=\"wp-block-uagb-icon-list uagb-block-c3e5ebab\"><div class=\"uagb-icon-list__wrap\">\n<div class=\"wp-block-uagb-icon-list-child uagb-block-a4710b6e\"><a target=\"_self\" aria-label=\"Integraci\u00f3n familiar y social\" rel=\"noopener noreferrer\" href=\"#\"> <\/a><span class=\"uagb-icon-list__source-wrap\"><svg xmlns=\"https:\/\/www.w3.org\/2000\/svg\" viewBox=\"0 0 256 512\"><path d=\"M64 448c-8.188 0-16.38-3.125-22.62-9.375c-12.5-12.5-12.5-32.75 0-45.25L178.8 256L41.38 118.6c-12.5-12.5-12.5-32.75 0-45.25s32.75-12.5 45.25 0l160 160c12.5 12.5 12.5 32.75 0 45.25l-160 160C80.38 444.9 72.19 448 64 448z\"><\/path><\/svg><\/span><span class=\"uagb-icon-list__label\"><strong>Integraci\u00f3n familiar y social<\/strong><\/span><\/div>\n\n\n\n<div class=\"wp-block-uagb-icon-list-child uagb-block-69b9acfb\"><a target=\"_self\" aria-label=\"Diversi\u00f3n y gran ambiente de juego e interacci\u00f3n\" rel=\"noopener noreferrer\" href=\"#\"> <\/a><span class=\"uagb-icon-list__source-wrap\"><svg xmlns=\"https:\/\/www.w3.org\/2000\/svg\" viewBox=\"0 0 256 512\"><path d=\"M64 448c-8.188 0-16.38-3.125-22.62-9.375c-12.5-12.5-12.5-32.75 0-45.25L178.8 256L41.38 118.6c-12.5-12.5-12.5-32.75 0-45.25s32.75-12.5 45.25 0l160 160c12.5 12.5 12.5 32.75 0 45.25l-160 160C80.38 444.9 72.19 448 64 448z\"><\/path><\/svg><\/span><span class=\"uagb-icon-list__label\"><strong>Diversi\u00f3n y gran ambiente de juego e interacci\u00f3n<\/strong><\/span><\/div>\n\n\n\n<div class=\"wp-block-uagb-icon-list-child uagb-block-b96a610b\"><a target=\"_self\" aria-label=\"Actividad deportiva\" rel=\"noopener noreferrer\" href=\"#\"> <\/a><span class=\"uagb-icon-list__source-wrap\"><svg xmlns=\"https:\/\/www.w3.org\/2000\/svg\" viewBox=\"0 0 256 512\"><path d=\"M64 448c-8.188 0-16.38-3.125-22.62-9.375c-12.5-12.5-12.5-32.75 0-45.25L178.8 256L41.38 118.6c-12.5-12.5-12.5-32.75 0-45.25s32.75-12.5 45.25 0l160 160c12.5 12.5 12.5 32.75 0 45.25l-160 160C80.38 444.9 72.19 448 64 448z\"><\/path><\/svg><\/span><span class=\"uagb-icon-list__label\"><strong>Actividad deportiva<\/strong><\/span><\/div>\n<\/div><\/div>\n<\/div>\n<\/div><\/div>\n\n\n\n<div class=\"wp-block-uagb-container uagb-block-e9c6432b alignfull uagb-is-root-container\"><div class=\"uagb-container-inner-blocks-wrap\">\n<div class=\"wp-block-uagb-container uagb-block-4a38af37\">\n<div class=\"wp-block-uagb-advanced-heading uagb-block-402fa724\"><h2 class=\"uagb-heading-text\"><strong>Medidas y Capacidades<\/strong><\/h2><\/div>\n\n\n\n<div class=\"wp-block-uagb-container uagb-block-c6047881\">\n<div class=\"wp-block-uagb-container uagb-block-2a916529\">\n<div class=\"wp-block-uagb-image aligncenter uagb-block-c1ae283d wp-block-uagb-image--layout-default wp-block-uagb-image--effect-static wp-block-uagb-image--align-center alignleft\"><figure class=\"wp-block-uagb-image__figure\"><img decoding=\"async\" srcset=\"https:\/\/cityrecords.mx\/wp-content\/uploads\/2023\/05\/PISTA-ICON01.png \" sizes=\"(max-width: 480px) 150px\" src=\"https:\/\/cityrecords.mx\/wp-content\/uploads\/2023\/05\/PISTA-ICON01.png\" alt=\"\" class=\"uag-image-2980\" width=\"300\" height=\"190\" title=\"\" loading=\"lazy\"\/><\/figure><\/div>\n\n\n\n<div class=\"wp-block-uagb-advanced-heading uagb-block-b61fa8fc\"><h6 class=\"uagb-heading-text\">20 m x 10 m<\/h6><\/div>\n\n\n\n<div class=\"wp-block-uagb-advanced-heading uagb-block-a9d99b38\"><h4 class=\"uagb-heading-text\"><strong>200 m2<\/strong><\/h4><\/div>\n\n\n\n<div class=\"wp-block-uagb-advanced-heading uagb-block-e953745b\"><p class=\"uagb-heading-text\"><strong>*150 pares de patines.<\/strong><br><strong>*Capacidad 80 personas.<\/strong><\/p><\/div>\n\n\n\n<div class=\"wp-block-uagb-buttons uagb-buttons__outer-wrap uagb-btn__default-btn uagb-btn-tablet__default-btn uagb-btn-mobile__default-btn uagb-block-d10d20b3\"><div class=\"uagb-buttons__wrap uagb-buttons-layout-wrap\">\n<div class=\"wp-block-uagb-buttons-child uagb-buttons__outer-wrap uagb-block-e9ff6487 wp-block-button is-style-outline\"><div class=\"uagb-button__wrapper\"><a class=\"uagb-buttons-repeater wp-block-button__link has-text-color\" href=\"https:\/\/cityrecords.mx\/index.php\/contact\/\" onclick=\"return true;\" rel=\"follow noopener\" target=\"_self\"><div class=\"uagb-button__link\">\u00a1Cont\u00e1ctanos!<\/div><\/a><\/div><\/div>\n<\/div><\/div>\n<\/div>\n\n\n\n<div class=\"wp-block-uagb-container uagb-block-06d01c68\">\n<div class=\"wp-block-uagb-image aligncenter uagb-block-b746f221 wp-block-uagb-image--layout-default wp-block-uagb-image--effect-static wp-block-uagb-image--align-center alignleft\"><figure class=\"wp-block-uagb-image__figure\"><img decoding=\"async\" srcset=\"https:\/\/cityrecords.mx\/wp-content\/uploads\/2023\/05\/PISTA-ICON01-1.png \" sizes=\"(max-width: 480px) 150px\" src=\"https:\/\/cityrecords.mx\/wp-content\/uploads\/2023\/05\/PISTA-ICON01-1.png\" alt=\"\" class=\"uag-image-2981\" width=\"300\" height=\"190\" title=\"\" loading=\"lazy\"\/><\/figure><\/div>\n\n\n\n<div class=\"wp-block-uagb-advanced-heading uagb-block-f53bbe79\"><h6 class=\"uagb-heading-text\">20 m x 20 m<\/h6><\/div>\n\n\n\n<div class=\"wp-block-uagb-advanced-heading uagb-block-e8ada76c\"><h4 class=\"uagb-heading-text\"><strong>400 m2<\/strong><\/h4><\/div>\n\n\n\n<div class=\"wp-block-uagb-advanced-heading uagb-block-710c5290\"><p class=\"uagb-heading-text\"><strong><strong>*250 pares de patines.<\/strong><\/strong><br><strong>*Capacidad 160 personas.<\/strong><\/p><\/div>\n\n\n\n<div class=\"wp-block-uagb-buttons uagb-buttons__outer-wrap uagb-btn__default-btn uagb-btn-tablet__default-btn uagb-btn-mobile__default-btn uagb-block-efb088f5\"><div class=\"uagb-buttons__wrap uagb-buttons-layout-wrap\">\n<div class=\"wp-block-uagb-buttons-child uagb-buttons__outer-wrap uagb-block-abfb8c2a wp-block-button is-style-outline\"><div class=\"uagb-button__wrapper\"><a class=\"uagb-buttons-repeater wp-block-button__link has-text-color\" href=\"https:\/\/cityrecords.mx\/index.php\/contact\/\" onclick=\"return true;\" rel=\"follow noopener\" target=\"_self\"><div class=\"uagb-button__link\">\u00a1Cont\u00e1ctanos!<\/div><\/a><\/div><\/div>\n<\/div><\/div>\n<\/div>\n\n\n\n<div class=\"wp-block-uagb-container uagb-block-3ea53b03\">\n<div class=\"wp-block-uagb-image aligncenter uagb-block-8424af86 wp-block-uagb-image--layout-default wp-block-uagb-image--effect-static wp-block-uagb-image--align-center alignleft\"><figure class=\"wp-block-uagb-image__figure\"><img decoding=\"async\" srcset=\"https:\/\/cityrecords.mx\/wp-content\/uploads\/2023\/05\/PISTA-ICON01-2.png \" sizes=\"(max-width: 480px) 150px\" src=\"https:\/\/cityrecords.mx\/wp-content\/uploads\/2023\/05\/PISTA-ICON01-2.png\" alt=\"\" class=\"uag-image-2982\" width=\"300\" height=\"190\" title=\"\" loading=\"lazy\"\/><\/figure><\/div>\n\n\n\n<div class=\"wp-block-uagb-advanced-heading uagb-block-0445060a\"><h6 class=\"uagb-heading-text\">30 m x 20 m<\/h6><\/div>\n\n\n\n<div class=\"wp-block-uagb-advanced-heading uagb-block-3a6636a6\"><h4 class=\"uagb-heading-text\"><strong>600 m2<\/strong><\/h4><\/div>\n\n\n\n<div class=\"wp-block-uagb-advanced-heading uagb-block-d2deb917\"><p class=\"uagb-heading-text\"><strong>*350 pares de patines<\/strong>.<br><strong>*350 pares de patines<\/strong>.<\/p><\/div>\n\n\n\n<div class=\"wp-block-uagb-buttons uagb-buttons__outer-wrap uagb-btn__default-btn uagb-btn-tablet__default-btn uagb-btn-mobile__default-btn uagb-block-6fe2c970\"><div class=\"uagb-buttons__wrap uagb-buttons-layout-wrap\">\n<div class=\"wp-block-uagb-buttons-child uagb-buttons__outer-wrap uagb-block-6b7073f4 wp-block-button is-style-outline\"><div class=\"uagb-button__wrapper\"><a class=\"uagb-buttons-repeater wp-block-button__link has-text-color\" href=\"https:\/\/cityrecords.mx\/index.php\/contact\/\" onclick=\"return true;\" rel=\"follow noopener\" target=\"_self\"><div class=\"uagb-button__link\">\u00a1Cont\u00e1ctanos!<\/div><\/a><\/div><\/div>\n<\/div><\/div>\n<\/div>\n\n\n\n<div class=\"wp-block-uagb-container uagb-block-5e178d29\">\n<div class=\"wp-block-uagb-image aligncenter uagb-block-bf305fdb wp-block-uagb-image--layout-default wp-block-uagb-image--effect-static wp-block-uagb-image--align-center alignleft\"><figure class=\"wp-block-uagb-image__figure\"><img decoding=\"async\" srcset=\"https:\/\/cityrecords.mx\/wp-content\/uploads\/2023\/05\/PISTA-ICON01.png \" sizes=\"(max-width: 480px) 150px\" src=\"https:\/\/cityrecords.mx\/wp-content\/uploads\/2023\/05\/PISTA-ICON01.png\" alt=\"\" class=\"uag-image-2980\" width=\"300\" height=\"190\" title=\"\" loading=\"lazy\"\/><\/figure><\/div>\n\n\n\n<div class=\"wp-block-uagb-advanced-heading uagb-block-c233c734\"><h6 class=\"uagb-heading-text\">40 m x 20 m<\/h6><\/div>\n\n\n\n<div class=\"wp-block-uagb-advanced-heading uagb-block-dde96cb6\"><h4 class=\"uagb-heading-text\"><strong>800 m2<\/strong><\/h4><\/div>\n\n\n\n<div class=\"wp-block-uagb-advanced-heading uagb-block-fed28697\"><p class=\"uagb-heading-text\"><strong>*450 pares de patines<\/strong><br><strong>*Capacidad 320 personas.<\/strong><\/p><\/div>\n\n\n\n<div class=\"wp-block-uagb-buttons uagb-buttons__outer-wrap uagb-btn__default-btn uagb-btn-tablet__default-btn uagb-btn-mobile__default-btn uagb-block-d9b26bba\"><div class=\"uagb-buttons__wrap uagb-buttons-layout-wrap\">\n<div class=\"wp-block-uagb-buttons-child uagb-buttons__outer-wrap uagb-block-2505f507 wp-block-button is-style-outline\"><div class=\"uagb-button__wrapper\"><a class=\"uagb-buttons-repeater wp-block-button__link has-text-color\" href=\"https:\/\/cityrecords.mx\/index.php\/contact\/\" onclick=\"return true;\" rel=\"follow noopener\" target=\"_self\"><div class=\"uagb-button__link\">\u00a1Cont\u00e1ctanos!<\/div><\/a><\/div><\/div>\n<\/div><\/div>\n<\/div>\n<\/div>\n<\/div>\n<\/div><\/div>\n\n\n\n<div class=\"wp-block-uagb-container uagb-block-0e7cd2ed alignfull uagb-is-root-container\"><div class=\"uagb-container-inner-blocks-wrap\">\n<div class=\"wp-block-uagb-container uagb-block-24557650\">      \n\t\t\t<div class=\"uagb-icon-wrapper uagb-block-e6d7fdf7      \"\n\t\t\tstyle=\"\" >\n\t\t\t\t\t\t\t\t\t<span class=\"uagb-svg-wrapper\" \n\t\t\t\t\t aria-label=\"person-skating\"\t\t\t\t\ttabindex=\"0\">\t\t\n\t\t\t\t\t\t\t\t\t\t<svg xmlns=\"https:\/\/www.w3.org\/2000\/svg\" viewBox= \"0 0 448 512\" role=\"graphics-symbol\" aria-hidden=\"false\" aria-label=\"\"><path d=\"M399.1 0c-26.5 0-48.01 21.5-48.01 48S373.5 96 399.1 96C426.5 96 448 74.5 448 48S426.5 0 399.1 0zM399.1 448c-8.751 0-16 7.25-16 16S376.7 480 367.1 480h-96.01c-8.751 0-16 7.25-16 16s7.251 16 16 16h96.01c26.5 0 48.01-21.5 48.01-48C415.1 455.2 408.7 448 399.1 448zM129.1 451.9c-11.34 0-11.19 9.36-22.65 9.36c-4.074 0-8.163-1.516-11.21-4.625l-67.98-67.89c-3.063-3.125-7.165-4.688-11.27-4.688c-4.102 0-8.204 1.562-11.27 4.688C1.562 391.8-.0001 395.9-.0001 400s1.562 8.203 4.688 11.27l67.88 67.98c9.376 9.375 21.59 14 33.96 14c13.23 0 38.57-8.992 38.57-25.36C145.1 456.7 135.2 451.9 129.1 451.9zM173.8 276.8L80.2 370.5c-6.251 6.25-9.376 14.44-9.376 22.62c0 24.75 22.57 32 31.88 32c8.251 0 16.5-3.125 22.63-9.375l91.89-92l-30.13-30.12C182.1 288.6 177.7 282.9 173.8 276.8zM127.1 160h105.5L213.3 177.3c-21.18 18.04-22.31 41.73-22.31 48.65c0 16.93 6.8 33.22 18.68 45.1l78.26 78.25V432c0 17.75 14.25 32 32 32s32-14.25 32-32v-89.38c0-12.62-5.126-25-14.13-33.88l-61.01-61c.5001-.5 1.25-.625 1.75-1.125l82.26-82.38c7.703-7.702 11.76-17.87 11.76-28.25c0-22.04-17.86-39.97-40.01-39.97L127.1 96C110.2 96 95.96 110.2 95.96 128S110.2 160 127.1 160z\"><\/path><\/svg>\n\t\t\t\t\t\t\t\t\t<\/span>\n\t\t\t\t\t\t\t<\/div>\n\t\t\t\n\n\n<hr class=\"wp-block-separator has-alpha-channel-opacity is-style-dots\"\/>\n\n\n\n<div class=\"wp-block-uagb-advanced-heading uagb-block-5870fd5d\"><h2 class=\"uagb-heading-text\"><strong>Requisitos<\/strong><\/h2><\/div>\n<\/div>\n\n\n\n<div class=\"wp-block-uagb-container uagb-block-80aa6885\">\n<div class=\"wp-block-uagb-container uagb-block-74a24c70\">\n<div class=\"wp-block-uagb-container uagb-block-34dfa627\">      \n\t\t\t<div class=\"uagb-icon-wrapper uagb-block-effb5a79      \"\n\t\t\tstyle=\"\" >\n\t\t\t\t\t\t\t\t\t<span class=\"uagb-svg-wrapper\" \n\t\t\t\t\t aria-label=\"splotch\"\t\t\t\t\ttabindex=\"0\">\t\t\n\t\t\t\t\t\t\t\t\t\t<svg xmlns=\"https:\/\/www.w3.org\/2000\/svg\" viewBox= \"0 0 512 512\" role=\"graphics-symbol\" aria-hidden=\"false\" aria-label=\"\"><path d=\"M349.3 47.38L367.9 116.1C374.6 142.1 393.2 162.3 417.6 171.2L475.8 192.4C497.5 200.3 512 221 512 244.2C512 261.8 503.6 278.4 489.4 288.8L406.9 348.1C393.3 358.9 385.7 374.1 386.7 391.8L389.8 442.4C392.1 480.1 362.2 511.9 324.4 511.9C308.8 511.9 293.8 506.4 281.1 496.4L236.1 458.2C221.1 444.7 200.9 437.3 180 437.3H171.6C165.1 437.3 160.4 437.8 154.8 438.9L87.81 451.9C63.82 456.6 39.53 445.5 27.41 424.3C17.39 406.7 17.39 385.2 27.41 367.7L55.11 319.2C60.99 308.9 64.09 297.3 64.09 285.4C64.09 272.3 60.33 259.6 53.27 248.6L8.796 179.4C-6.738 155.2-1.267 123.2 21.41 105.6C32.12 97.25 45.52 93.13 59.07 94.01L130.8 98.66C159.8 100.5 187.1 87.91 205.9 64.93L237.3 24.66C249.4 9.133 267.9 .0566 287.6 .0566C316.5 .0566 341.8 19.47 349.3 47.38V47.38z\"><\/path><\/svg>\n\t\t\t\t\t\t\t\t\t<\/span>\n\t\t\t\t\t\t\t<\/div>\n\t\t\t\n\n\n<p class=\"has-text-align-center\"><strong>\u2022 Superficie nivelada.<\/strong><\/p>\n<\/div>\n\n\n\n<div class=\"wp-block-uagb-container uagb-block-d97fead8\">      \n\t\t\t<div class=\"uagb-icon-wrapper uagb-block-370650ad      \"\n\t\t\tstyle=\"\" >\n\t\t\t\t\t\t\t\t\t<span class=\"uagb-svg-wrapper\" \n\t\t\t\t\t aria-label=\"splotch\"\t\t\t\t\ttabindex=\"0\">\t\t\n\t\t\t\t\t\t\t\t\t\t<svg xmlns=\"https:\/\/www.w3.org\/2000\/svg\" viewBox= \"0 0 512 512\" role=\"graphics-symbol\" aria-hidden=\"false\" aria-label=\"\"><path d=\"M349.3 47.38L367.9 116.1C374.6 142.1 393.2 162.3 417.6 171.2L475.8 192.4C497.5 200.3 512 221 512 244.2C512 261.8 503.6 278.4 489.4 288.8L406.9 348.1C393.3 358.9 385.7 374.1 386.7 391.8L389.8 442.4C392.1 480.1 362.2 511.9 324.4 511.9C308.8 511.9 293.8 506.4 281.1 496.4L236.1 458.2C221.1 444.7 200.9 437.3 180 437.3H171.6C165.1 437.3 160.4 437.8 154.8 438.9L87.81 451.9C63.82 456.6 39.53 445.5 27.41 424.3C17.39 406.7 17.39 385.2 27.41 367.7L55.11 319.2C60.99 308.9 64.09 297.3 64.09 285.4C64.09 272.3 60.33 259.6 53.27 248.6L8.796 179.4C-6.738 155.2-1.267 123.2 21.41 105.6C32.12 97.25 45.52 93.13 59.07 94.01L130.8 98.66C159.8 100.5 187.1 87.91 205.9 64.93L237.3 24.66C249.4 9.133 267.9 .0566 287.6 .0566C316.5 .0566 341.8 19.47 349.3 47.38V47.38z\"><\/path><\/svg>\n\t\t\t\t\t\t\t\t\t<\/span>\n\t\t\t\t\t\t\t<\/div>\n\t\t\t\n\n\n<p class=\"has-text-align-center\">\u2022 <strong>Renta m\u00ednima de un mes.<\/strong><\/p>\n<\/div>\n<\/div>\n\n\n\n<div class=\"wp-block-uagb-container uagb-block-393e643b\">\n<div class=\"wp-block-uagb-container uagb-block-eec5794d\">      \n\t\t\t<div class=\"uagb-icon-wrapper uagb-block-51f1c744      \"\n\t\t\tstyle=\"\" >\n\t\t\t\t\t\t\t\t\t<span class=\"uagb-svg-wrapper\" \n\t\t\t\t\t aria-label=\"splotch\"\t\t\t\t\ttabindex=\"0\">\t\t\n\t\t\t\t\t\t\t\t\t\t<svg xmlns=\"https:\/\/www.w3.org\/2000\/svg\" viewBox= \"0 0 512 512\" role=\"graphics-symbol\" aria-hidden=\"false\" aria-label=\"\"><path d=\"M349.3 47.38L367.9 116.1C374.6 142.1 393.2 162.3 417.6 171.2L475.8 192.4C497.5 200.3 512 221 512 244.2C512 261.8 503.6 278.4 489.4 288.8L406.9 348.1C393.3 358.9 385.7 374.1 386.7 391.8L389.8 442.4C392.1 480.1 362.2 511.9 324.4 511.9C308.8 511.9 293.8 506.4 281.1 496.4L236.1 458.2C221.1 444.7 200.9 437.3 180 437.3H171.6C165.1 437.3 160.4 437.8 154.8 438.9L87.81 451.9C63.82 456.6 39.53 445.5 27.41 424.3C17.39 406.7 17.39 385.2 27.41 367.7L55.11 319.2C60.99 308.9 64.09 297.3 64.09 285.4C64.09 272.3 60.33 259.6 53.27 248.6L8.796 179.4C-6.738 155.2-1.267 123.2 21.41 105.6C32.12 97.25 45.52 93.13 59.07 94.01L130.8 98.66C159.8 100.5 187.1 87.91 205.9 64.93L237.3 24.66C249.4 9.133 267.9 .0566 287.6 .0566C316.5 .0566 341.8 19.47 349.3 47.38V47.38z\"><\/path><\/svg>\n\t\t\t\t\t\t\t\t\t<\/span>\n\t\t\t\t\t\t\t<\/div>\n\t\t\t\n\n\n<p class=\"has-text-align-center\">\u2022 <strong>Suministro de energ\u00eda el\u00e9ctrica con especificaciones seg\u00fan el tama\u00f1o de la pista.<\/strong><\/p>\n<\/div>\n\n\n\n<div class=\"wp-block-uagb-container uagb-block-d0b5fc0b\">      \n\t\t\t<div class=\"uagb-icon-wrapper uagb-block-ff439759      \"\n\t\t\tstyle=\"\" >\n\t\t\t\t\t\t\t\t\t<span class=\"uagb-svg-wrapper\" \n\t\t\t\t\t aria-label=\"splotch\"\t\t\t\t\ttabindex=\"0\">\t\t\n\t\t\t\t\t\t\t\t\t\t<svg xmlns=\"https:\/\/www.w3.org\/2000\/svg\" viewBox= \"0 0 512 512\" role=\"graphics-symbol\" aria-hidden=\"false\" aria-label=\"\"><path d=\"M349.3 47.38L367.9 116.1C374.6 142.1 393.2 162.3 417.6 171.2L475.8 192.4C497.5 200.3 512 221 512 244.2C512 261.8 503.6 278.4 489.4 288.8L406.9 348.1C393.3 358.9 385.7 374.1 386.7 391.8L389.8 442.4C392.1 480.1 362.2 511.9 324.4 511.9C308.8 511.9 293.8 506.4 281.1 496.4L236.1 458.2C221.1 444.7 200.9 437.3 180 437.3H171.6C165.1 437.3 160.4 437.8 154.8 438.9L87.81 451.9C63.82 456.6 39.53 445.5 27.41 424.3C17.39 406.7 17.39 385.2 27.41 367.7L55.11 319.2C60.99 308.9 64.09 297.3 64.09 285.4C64.09 272.3 60.33 259.6 53.27 248.6L8.796 179.4C-6.738 155.2-1.267 123.2 21.41 105.6C32.12 97.25 45.52 93.13 59.07 94.01L130.8 98.66C159.8 100.5 187.1 87.91 205.9 64.93L237.3 24.66C249.4 9.133 267.9 .0566 287.6 .0566C316.5 .0566 341.8 19.47 349.3 47.38V47.38z\"><\/path><\/svg>\n\t\t\t\t\t\t\t\t\t<\/span>\n\t\t\t\t\t\t\t<\/div>\n\t\t\t\n\n\n<p class=\"has-text-align-center\"><strong>\u2022 Toma de agua para el proceso de congelamiento y mantenimiento del hielo.<\/strong><\/p>\n<\/div>\n<\/div>\n\n\n\n<div class=\"wp-block-uagb-container uagb-block-4d74ae73\">\n<div class=\"wp-block-uagb-container uagb-block-789f4203\">      \n\t\t\t<div class=\"uagb-icon-wrapper uagb-block-ebf98f04      \"\n\t\t\tstyle=\"\" >\n\t\t\t\t\t\t\t\t\t<span class=\"uagb-svg-wrapper\" \n\t\t\t\t\t aria-label=\"splotch\"\t\t\t\t\ttabindex=\"0\">\t\t\n\t\t\t\t\t\t\t\t\t\t<svg xmlns=\"https:\/\/www.w3.org\/2000\/svg\" viewBox= \"0 0 512 512\" role=\"graphics-symbol\" aria-hidden=\"false\" aria-label=\"\"><path d=\"M349.3 47.38L367.9 116.1C374.6 142.1 393.2 162.3 417.6 171.2L475.8 192.4C497.5 200.3 512 221 512 244.2C512 261.8 503.6 278.4 489.4 288.8L406.9 348.1C393.3 358.9 385.7 374.1 386.7 391.8L389.8 442.4C392.1 480.1 362.2 511.9 324.4 511.9C308.8 511.9 293.8 506.4 281.1 496.4L236.1 458.2C221.1 444.7 200.9 437.3 180 437.3H171.6C165.1 437.3 160.4 437.8 154.8 438.9L87.81 451.9C63.82 456.6 39.53 445.5 27.41 424.3C17.39 406.7 17.39 385.2 27.41 367.7L55.11 319.2C60.99 308.9 64.09 297.3 64.09 285.4C64.09 272.3 60.33 259.6 53.27 248.6L8.796 179.4C-6.738 155.2-1.267 123.2 21.41 105.6C32.12 97.25 45.52 93.13 59.07 94.01L130.8 98.66C159.8 100.5 187.1 87.91 205.9 64.93L237.3 24.66C249.4 9.133 267.9 .0566 287.6 .0566C316.5 .0566 341.8 19.47 349.3 47.38V47.38z\"><\/path><\/svg>\n\t\t\t\t\t\t\t\t\t<\/span>\n\t\t\t\t\t\t\t<\/div>\n\t\t\t\n\n\n<p class=\"has-text-align-center\"><strong><strong>\u2022 Disponibilidad de las \u00e1reas con 12 d\u00edas de anticipaci\u00f3n.<\/strong><\/strong><\/p>\n<\/div>\n\n\n\n<div class=\"wp-block-uagb-container uagb-block-736d428c\">\n<p class=\"has-text-align-center has-black-color has-text-color\"><strong>Bajo estos conceptos las pistas de hielo pueden ser instaladas en casi cualquier lugar, tanto en el interior como en el exterior en cualquier momento del a\u00f1o y de cualquier tama\u00f1o.<\/strong><\/p>\n<\/div>\n<\/div>\n<\/div>\n<\/div><\/div>\n\n\n\n<div class=\"wp-block-uagb-container uagb-block-62bfaca4 alignfull uagb-is-root-container\"><div class=\"uagb-container-inner-blocks-wrap\">\n<div class=\"wp-block-uagb-container uagb-block-7243854d\">\n<div class=\"wp-block-uagb-info-box uagb-block-331e324d uagb-infobox__content-wrap  uagb-infobox-icon-above-title uagb-infobox-image-valign-top\"><div class=\"uagb-ifb-content\"><div class=\"uagb-ifb-title-wrap\"><h2 class=\"uagb-ifb-title\"><strong>Adem\u00e1s\u2026<\/strong><\/h2><\/div><p class=\"uagb-ifb-desc\"><strong>\u2022 Tobog\u00e1n de Hielo<br>\u2022 Taller de Mu\u00f1ecos de Nieve<br>\u2022 Lluvia Nevada<\/strong><\/p><div class=\"uagb-ifb-button-wrapper wp-block-button\"><a href=\"https:\/\/cityrecords.mx\/index.php\/contact\/\" class=\"uagb-infobox-cta-link wp-block-button__link\" target=\"_self\" rel=\"noopener noreferrer\" onclick=\"return true;\" alt=\"\"><span class=\"uagb-inline-editing\">clic aqu\u00ed<\/span><\/a><\/div><\/div><\/div>\n<\/div>\n<\/div><\/div>\n","protected":false},"excerpt":{"rendered":"<p>Pista deHielo Contamos con diferentes tama\u00f1os, adapt\u00e1ndonos a los espacios convenientes en pistas de HIELO M\u00d3VILES. Asi mismo, nuestros servicios pueden incluir espect\u00e1culos de patinaje artistico y obras teatrales sobre hielo, llenando de magia y colorido tu evento o eventos dentro de la estancia contratada para la pista en tu localidad. Beneficios e impacto de [&hellip;]<\/p>\n","protected":false},"author":1,"featured_media":0,"parent":0,"menu_order":0,"comment_status":"closed","ping_status":"closed","template":"","meta":{"_uag_custom_page_level_css":"","site-sidebar-layout":"default","site-content-layout":"","ast-site-content-layout":"default","site-content-style":"default","site-sidebar-style":"default","ast-global-header-display":"","ast-banner-title-visibility":"","ast-main-header-display":"","ast-hfb-above-header-display":"","ast-hfb-below-header-display":"","ast-hfb-mobile-header-display":"","site-post-title":"disabled","ast-breadcrumbs-content":"","ast-featured-img":"","footer-sml-layout":"","ast-disable-related-posts":"","theme-transparent-header-meta":"","adv-header-id-meta":"","stick-header-meta":"","header-above-stick-meta":"","header-main-stick-meta":"","header-below-stick-meta":"","astra-migrate-meta-layouts":"default","ast-page-background-enabled":"default","ast-page-background-meta":{"desktop":{"background-color":"","background-image":"","background-repeat":"repeat","background-position":"center center","background-size":"auto","background-attachment":"scroll","background-type":"","background-media":"","overlay-type":"","overlay-color":"","overlay-opacity":"","overlay-gradient":""},"tablet":{"background-color":"","background-image":"","background-repeat":"repeat","background-position":"center center","background-size":"auto","background-attachment":"scroll","background-type":"","background-media":"","overlay-type":"","overlay-color":"","overlay-opacity":"","overlay-gradient":""},"mobile":{"background-color":"","background-image":"","background-repeat":"repeat","background-position":"center center","background-size":"auto","background-attachment":"scroll","background-type":"","background-media":"","overlay-type":"","overlay-color":"","overlay-opacity":"","overlay-gradient":""}},"ast-content-background-meta":{"desktop":{"background-color":"var(--ast-global-color-5)","background-image":"","background-repeat":"repeat","background-position":"center center","background-size":"auto","background-attachment":"scroll","background-type":"","background-media":"","overlay-type":"","overlay-color":"","overlay-opacity":"","overlay-gradient":""},"tablet":{"background-color":"var(--ast-global-color-5)","background-image":"","background-repeat":"repeat","background-position":"center center","background-size":"auto","background-attachment":"scroll","background-type":"","background-media":"","overlay-type":"","overlay-color":"","overlay-opacity":"","overlay-gradient":""},"mobile":{"background-color":"var(--ast-global-color-5)","background-image":"","background-repeat":"repeat","background-position":"center center","background-size":"auto","background-attachment":"scroll","background-type":"","background-media":"","overlay-type":"","overlay-color":"","overlay-opacity":"","overlay-gradient":""}}},"uagb_featured_image_src":{"full":false,"thumbnail":false,"medium":false,"medium_large":false,"large":false,"1536x1536":false,"2048x2048":false},"uagb_author_info":{"display_name":"diseno.rluna@gmail.com","author_link":"https:\/\/cityrecords.mx\/index.php\/author\/diseno-rlunagmail-com\/"},"uagb_comment_info":0,"uagb_excerpt":"Pista deHielo Contamos con diferentes tama\u00f1os, adapt\u00e1ndonos a los espacios convenientes en pistas de HIELO M\u00d3VILES. Asi mismo, nuestros servicios pueden incluir espect\u00e1culos de patinaje artistico y obras teatrales sobre hielo, llenando de magia y colorido tu evento o eventos dentro de la estancia contratada para la pista en tu localidad. Beneficios e impacto de&hellip;","_links":{"self":[{"href":"https:\/\/cityrecords.mx\/index.php\/wp-json\/wp\/v2\/pages\/2724"}],"collection":[{"href":"https:\/\/cityrecords.mx\/index.php\/wp-json\/wp\/v2\/pages"}],"about":[{"href":"https:\/\/cityrecords.mx\/index.php\/wp-json\/wp\/v2\/types\/page"}],"author":[{"embeddable":true,"href":"https:\/\/cityrecords.mx\/index.php\/wp-json\/wp\/v2\/users\/1"}],"replies":[{"embeddable":true,"href":"https:\/\/cityrecords.mx\/index.php\/wp-json\/wp\/v2\/comments?post=2724"}],"version-history":[{"count":69,"href":"https:\/\/cityrecords.mx\/index.php\/wp-json\/wp\/v2\/pages\/2724\/revisions"}],"predecessor-version":[{"id":3658,"href":"https:\/\/cityrecords.mx\/index.php\/wp-json\/wp\/v2\/pages\/2724\/revisions\/3658"}],"wp:attachment":[{"href":"https:\/\/cityrecords.mx\/index.php\/wp-json\/wp\/v2\/media?parent=2724"}],"curies":[{"name":"wp","href":"https:\/\/api.w.org\/{rel}","templated":true}]}}