{"id":2679,"date":"2023-05-05T19:54:05","date_gmt":"2023-05-05T19:54:05","guid":{"rendered":"https:\/\/cityrecords.mx\/?page_id=2679"},"modified":"2023-05-19T23:12:24","modified_gmt":"2023-05-19T23:12:24","slug":"domo","status":"publish","type":"page","link":"https:\/\/cityrecords.mx\/index.php\/domo\/","title":{"rendered":"Audio, Video e Iluminaci\u00f3n"},"content":{"rendered":"\n<div class=\"wp-block-uagb-container uagb-block-e50c94b0 alignfull uagb-is-root-container\"><div class=\"uagb-container-inner-blocks-wrap\">\n<div class=\"wp-block-uagb-container uagb-block-427e4086\">\n<div class=\"wp-block-columns is-layout-flex wp-container-2\">\n<div class=\"wp-block-column is-layout-flow\" style=\"flex-basis:100%\">\n<h2 class=\"wp-block-heading has-text-align-center has-ast-global-color-5-color has-text-color\"><strong>Audio, Video<\/strong><\/h2>\n\n\n\n<h2 class=\"wp-block-heading has-text-align-center has-ast-global-color-5-color has-text-color\"><strong>e Iluminaci\u00f3n<\/strong><\/h2>\n<\/div>\n<\/div>\n<\/div>\n\n\n\n<div class=\"wp-block-uagb-container uagb-block-f7af52a8\">\n<div class=\"wp-block-columns is-layout-flex wp-container-13\" style=\"padding-top:0;padding-right:0;padding-bottom:0;padding-left:0\">\n<div class=\"wp-block-column is-layout-flow\" style=\"padding-top:0;padding-right:0;padding-bottom:0;padding-left:0\">\n<div class=\"wp-block-group is-nowrap is-layout-flex wp-container-3\">\n<figure class=\"wp-block-image size-full is-resized\"><img decoding=\"async\" src=\"http:\/\/cityrecords.mx\/wp-content\/uploads\/2023\/05\/HOMEICON-01-2.png\" alt=\"\" class=\"wp-image-2545\" width=\"65\" height=\"41\"\/><\/figure>\n\n\n\n<p class=\"has-ast-global-color-5-color has-text-color\"><strong><strong>Equipo de Audio<\/strong><\/strong><\/p>\n<\/div>\n\n\n\n<div class=\"wp-block-group is-nowrap is-layout-flex wp-container-4\">\n<figure class=\"wp-block-image size-full is-resized\"><img decoding=\"async\" src=\"http:\/\/cityrecords.mx\/wp-content\/uploads\/2023\/05\/HOMEICON-02.png\" alt=\"\" class=\"wp-image-2552\" width=\"65\" height=\"41\"\/><\/figure>\n\n\n\n<p class=\"has-ast-global-color-5-color has-text-color\"><strong><strong>Equipo de Iluminaci\u00f3n &amp; Rob\u00f3tica<\/strong><\/strong><\/p>\n<\/div>\n\n\n\n<div class=\"wp-block-group is-nowrap is-layout-flex wp-container-5\">\n<figure class=\"wp-block-image size-full is-resized\"><img decoding=\"async\" src=\"http:\/\/cityrecords.mx\/wp-content\/uploads\/2023\/05\/HOMEICON-03.png\" alt=\"\" class=\"wp-image-2554\" width=\"65\" height=\"41\"\/><\/figure>\n\n\n\n<p class=\"has-ast-global-color-5-color has-text-color\"><strong><strong>Ground Support &amp; Estructuras<\/strong><\/strong><\/p>\n<\/div>\n\n\n\n<div class=\"wp-block-group is-nowrap is-layout-flex wp-container-6\">\n<figure class=\"wp-block-image size-full is-resized\"><img decoding=\"async\" src=\"http:\/\/cityrecords.mx\/wp-content\/uploads\/2023\/05\/HOMEICON-04.png\" alt=\"\" class=\"wp-image-2555\" width=\"65\" height=\"41\"\/><\/figure>\n\n\n\n<p class=\"has-ast-global-color-5-color has-text-color\"><strong><strong>Pantallas Led, Plasma, Panor\u00e1micas<\/strong><\/strong><\/p>\n<\/div>\n<\/div>\n\n\n\n<div class=\"wp-block-column is-layout-flow\">\n<div class=\"wp-block-group is-nowrap is-layout-flex wp-container-8\">\n<figure class=\"wp-block-image size-full is-resized\"><img decoding=\"async\" src=\"http:\/\/cityrecords.mx\/wp-content\/uploads\/2023\/05\/HOMEICON-05.png\" alt=\"\" class=\"wp-image-2556\" width=\"65\" height=\"41\"\/><\/figure>\n\n\n\n<p class=\"has-ast-global-color-5-color has-text-color\"><strong><strong>Proyectores<\/strong><\/strong><\/p>\n<\/div>\n\n\n\n<div class=\"wp-block-group is-nowrap is-layout-flex wp-container-9\">\n<figure class=\"wp-block-image size-full is-resized\"><img decoding=\"async\" src=\"http:\/\/cityrecords.mx\/wp-content\/uploads\/2023\/05\/HOMEICON-06.png\" alt=\"\" class=\"wp-image-2557\" width=\"65\" height=\"41\"\/><\/figure>\n\n\n\n<p class=\"has-ast-global-color-5-color has-text-color\"><strong><strong>Backline<\/strong><\/strong><\/p>\n<\/div>\n\n\n\n<div class=\"wp-block-group is-nowrap is-layout-flex wp-container-10\">\n<figure class=\"wp-block-image size-full is-resized\"><img decoding=\"async\" src=\"http:\/\/cityrecords.mx\/wp-content\/uploads\/2023\/05\/HOMEICON-07.png\" alt=\"\" class=\"wp-image-2558\" width=\"65\" height=\"41\"\/><\/figure>\n\n\n\n<p class=\"has-ast-global-color-5-color has-text-color\"><strong><strong>Pistas Iluminadas<\/strong><\/strong><\/p>\n<\/div>\n\n\n\n<div class=\"wp-block-group is-nowrap is-layout-flex wp-container-11\">\n<figure class=\"wp-block-image size-full is-resized\"><img decoding=\"async\" src=\"http:\/\/cityrecords.mx\/wp-content\/uploads\/2023\/05\/HOMEICON-08.png\" alt=\"\" class=\"wp-image-2559\" width=\"65\" height=\"41\"\/><\/figure>\n\n\n\n<p class=\"has-ast-global-color-5-color has-text-color\"><strong>CCTV<\/strong><\/p>\n<\/div>\n<\/div>\n<\/div>\n<\/div>\n<\/div><\/div>\n\n\n\n<div class=\"wp-block-uagb-container uagb-block-9d45dc78 alignfull uagb-is-root-container\"><div class=\"uagb-container-inner-blocks-wrap\">\n<div class=\"wp-block-uagb-container uagb-block-4f9af721\">\n<div class=\"wp-block-uagb-advanced-heading uagb-block-601ca027\"><h1 class=\"uagb-heading-text\"><strong>Iluminaci\u00f3n<\/strong><\/h1><\/div>\n\n\n\n<div class=\"wp-block-uagb-advanced-heading uagb-block-bc5679e9\"><h6 class=\"uagb-heading-text\">A R Q U I T E C T \u00d3 N I C A<\/h6><\/div>\n\n\n\n<div class=\"wp-block-uagb-info-box uagb-block-289fcde7 uagb-infobox__content-wrap  uagb-infobox-icon-above-title uagb-infobox-image-valign-top\"><div class=\"uagb-ifb-content\"><div class=\"uagb-ifb-title-wrap\"><\/div><p class=\"uagb-ifb-desc\">Es una nueva tendencia en el dise\u00f1o de interiores y exteriores, capaz de transformar la decoraci\u00f3n tradicional, en una nueva experiencia de luminosidad, confort y armon\u00eda.<\/p><\/div><\/div>\n<\/div>\n<\/div><\/div>\n\n\n\n<div class=\"wp-block-uagb-container uagb-block-9644ec5e alignfull uagb-is-root-container\"><div class=\"uagb-container-inner-blocks-wrap\">\n<div class=\"wp-block-uagb-container uagb-block-4964455d\">\n<div class=\"wp-block-uagb-container uagb-block-2e68b4ea\">\n<div class=\"wp-block-uagb-container uagb-block-aeacb735\"><\/div>\n\n\n\n<div class=\"wp-block-uagb-container uagb-block-ec8bee76\">\n<div class=\"wp-block-uagb-advanced-heading uagb-block-e77c2217\"><h2 class=\"uagb-heading-text\"><strong>Villas Iluminadas<\/strong><\/h2><p class=\"uagb-desc-text\">Creamos villas iluminadas navide\u00f1as, iluminaci\u00f3n de fiestas patrias, iluminaci\u00f3n decorativa de calles y parques, creando espacios llenos de color y magia, los cuales ayudan a generar turismo dentro de la comunidad donde se realiza el montaje.<\/p><\/div>\n<\/div>\n<\/div>\n<\/div>\n<\/div><\/div>\n\n\n\n<div class=\"wp-block-uagb-container uagb-block-4cc94f12 alignfull uagb-is-root-container\"><div class=\"uagb-container-inner-blocks-wrap\">\n<div class=\"wp-block-uagb-container uagb-block-f127e5d5\">\n<div class=\"wp-block-uagb-info-box uagb-block-8950445d uagb-infobox__content-wrap  uagb-infobox-icon-above-title uagb-infobox-image-valign-top\"><div class=\"uagb-ifb-content\"><div class=\"uagb-ifb-title-wrap\"><h2 class=\"uagb-ifb-title\"><strong>\u00a1Cont\u00e1ctanos!<\/strong><\/h2><\/div><p class=\"uagb-ifb-desc\"><strong>Contacta con nosotros,<\/strong><br><strong>estaremos&nbsp;encantados de atenderte.<\/strong><\/p><div class=\"uagb-ifb-button-wrapper wp-block-button\"><a href=\"https:\/\/cityrecords.mx\/index.php\/contact\/\" class=\"uagb-infobox-cta-link wp-block-button__link\" target=\"_self\" rel=\"noopener noreferrer\" onclick=\"return true;\" alt=\"\"><span class=\"uagb-inline-editing\">clic aqu\u00ed<\/span><\/a><\/div><\/div><\/div>\n<\/div>\n<\/div><\/div>\n","protected":false},"excerpt":{"rendered":"<p>Audio, Video e Iluminaci\u00f3n Equipo de Audio Equipo de Iluminaci\u00f3n &amp; Rob\u00f3tica Ground Support &amp; Estructuras Pantallas Led, Plasma, Panor\u00e1micas Proyectores Backline Pistas Iluminadas CCTV Iluminaci\u00f3n A R Q U I T E C T \u00d3 N I C A Villas Iluminadas Creamos villas iluminadas navide\u00f1as, iluminaci\u00f3n de fiestas patrias, iluminaci\u00f3n decorativa de calles y [&hellip;]<\/p>\n","protected":false},"author":1,"featured_media":0,"parent":0,"menu_order":0,"comment_status":"closed","ping_status":"closed","template":"","meta":{"_uag_custom_page_level_css":"","site-sidebar-layout":"default","site-content-layout":"","ast-site-content-layout":"default","site-content-style":"default","site-sidebar-style":"default","ast-global-header-display":"","ast-banner-title-visibility":"","ast-main-header-display":"","ast-hfb-above-header-display":"","ast-hfb-below-header-display":"","ast-hfb-mobile-header-display":"","site-post-title":"disabled","ast-breadcrumbs-content":"","ast-featured-img":"","footer-sml-layout":"","ast-disable-related-posts":"","theme-transparent-header-meta":"","adv-header-id-meta":"","stick-header-meta":"","header-above-stick-meta":"","header-main-stick-meta":"","header-below-stick-meta":"","astra-migrate-meta-layouts":"default","ast-page-background-enabled":"default","ast-page-background-meta":{"desktop":{"background-color":"","background-image":"","background-repeat":"repeat","background-position":"center center","background-size":"auto","background-attachment":"scroll","background-type":"","background-media":"","overlay-type":"","overlay-color":"","overlay-opacity":"","overlay-gradient":""},"tablet":{"background-color":"","background-image":"","background-repeat":"repeat","background-position":"center center","background-size":"auto","background-attachment":"scroll","background-type":"","background-media":"","overlay-type":"","overlay-color":"","overlay-opacity":"","overlay-gradient":""},"mobile":{"background-color":"","background-image":"","background-repeat":"repeat","background-position":"center center","background-size":"auto","background-attachment":"scroll","background-type":"","background-media":"","overlay-type":"","overlay-color":"","overlay-opacity":"","overlay-gradient":""}},"ast-content-background-meta":{"desktop":{"background-color":"var(--ast-global-color-5)","background-image":"","background-repeat":"repeat","background-position":"center center","background-size":"auto","background-attachment":"scroll","background-type":"","background-media":"","overlay-type":"","overlay-color":"","overlay-opacity":"","overlay-gradient":""},"tablet":{"background-color":"var(--ast-global-color-5)","background-image":"","background-repeat":"repeat","background-position":"center center","background-size":"auto","background-attachment":"scroll","background-type":"","background-media":"","overlay-type":"","overlay-color":"","overlay-opacity":"","overlay-gradient":""},"mobile":{"background-color":"var(--ast-global-color-5)","background-image":"","background-repeat":"repeat","background-position":"center center","background-size":"auto","background-attachment":"scroll","background-type":"","background-media":"","overlay-type":"","overlay-color":"","overlay-opacity":"","overlay-gradient":""}}},"uagb_featured_image_src":{"full":false,"thumbnail":false,"medium":false,"medium_large":false,"large":false,"1536x1536":false,"2048x2048":false},"uagb_author_info":{"display_name":"diseno.rluna@gmail.com","author_link":"https:\/\/cityrecords.mx\/index.php\/author\/diseno-rlunagmail-com\/"},"uagb_comment_info":0,"uagb_excerpt":"Audio, Video e Iluminaci\u00f3n Equipo de Audio Equipo de Iluminaci\u00f3n &amp; Rob\u00f3tica Ground Support &amp; Estructuras Pantallas Led, Plasma, Panor\u00e1micas Proyectores Backline Pistas Iluminadas CCTV Iluminaci\u00f3n A R Q U I T E C T \u00d3 N I C A Villas Iluminadas Creamos villas iluminadas navide\u00f1as, iluminaci\u00f3n de fiestas patrias, iluminaci\u00f3n decorativa de calles y&hellip;","_links":{"self":[{"href":"https:\/\/cityrecords.mx\/index.php\/wp-json\/wp\/v2\/pages\/2679"}],"collection":[{"href":"https:\/\/cityrecords.mx\/index.php\/wp-json\/wp\/v2\/pages"}],"about":[{"href":"https:\/\/cityrecords.mx\/index.php\/wp-json\/wp\/v2\/types\/page"}],"author":[{"embeddable":true,"href":"https:\/\/cityrecords.mx\/index.php\/wp-json\/wp\/v2\/users\/1"}],"replies":[{"embeddable":true,"href":"https:\/\/cityrecords.mx\/index.php\/wp-json\/wp\/v2\/comments?post=2679"}],"version-history":[{"count":37,"href":"https:\/\/cityrecords.mx\/index.php\/wp-json\/wp\/v2\/pages\/2679\/revisions"}],"predecessor-version":[{"id":3762,"href":"https:\/\/cityrecords.mx\/index.php\/wp-json\/wp\/v2\/pages\/2679\/revisions\/3762"}],"wp:attachment":[{"href":"https:\/\/cityrecords.mx\/index.php\/wp-json\/wp\/v2\/media?parent=2679"}],"curies":[{"name":"wp","href":"https:\/\/api.w.org\/{rel}","templated":true}]}}